{"id":89,"date":"2019-09-25T14:41:49","date_gmt":"2019-09-25T12:41:49","guid":{"rendered":"http:\/\/shop.cad2cad.com\/encad2cad\/?post_type=product&#038;p=89"},"modified":"2019-11-20T14:47:58","modified_gmt":"2019-11-20T13:47:58","slug":"dll-libraries-cad-visualisation-and-translation-components","status":"publish","type":"product","link":"https:\/\/shop.cad2cad.com\/pl\/product\/dll-libraries-cad-visualisation-and-translation-components\/","title":{"rendered":"Biblioteki DLL- Komponenty do wizualizacji i t\u0142umaczenia CAD"},"content":{"rendered":"","protected":false},"excerpt":{"rendered":"<p>Dla programist\u00f3w posiadamy szereg komponent\u00f3w (DLL, ActiveX).\u00a0Komponenty mog\u0105 zosta\u0107 zintegrowane we w\u0142asnych aplikacjach, na przyk\u0142ad w celu konwersji lub wizualizacji danych.\u00a0W ten spos\u00f3b mo\u017cliwe jest szybkie i efektywne poszerzenie w\u0142asnych program\u00f3w o dodatkowe funkcje.\u00a0Komponenty maj\u0105 zastosowanie w \u015brodowiskach .NET, VB, C#.<span class=\"Apple-converted-space\">\u00a0<\/span><\/p>\n<p>W ofercie posiadamy nast\u0119puj\u0105ce komponenty:<span class=\"Apple-converted-space\">\u00a0<\/span><\/p>\n<ul>\n<li>TwinViewDLL &#8211; przegl\u0105danie oraz drukowanie plik\u00f3w DWG i PDF<span class=\"Apple-converted-space\">\u00a0<\/span><\/li>\n<li>PDF Iterator &#8211; biblioteka DLL pozwalaj\u0105ca na odczyt plik\u00f3w PDF<span class=\"Apple-converted-space\">\u00a0<\/span><\/li>\n<li>DWG Iterator &#8211; bibliioteka DLL pozwalajaca na odczyt plik\u00f3w DWG<span class=\"Apple-converted-space\">\u00a0<\/span><\/li>\n<li>TrueDTP DLL &#8211; konwersja mi\u0119dzy wieloma formatami CAD i Dtp<span class=\"Apple-converted-space\">\u00a0<\/span><\/li>\n<\/ul>\n[contact-form-7 id=\"56\" title=\"Contact\"]\n","protected":false},"featured_media":90,"template":"","meta":{"_acf_changed":false},"product_cat":[26],"product_tag":[],"acf":[],"_links":{"self":[{"href":"https:\/\/shop.cad2cad.com\/pl\/wp-json\/wp\/v2\/product\/89"}],"collection":[{"href":"https:\/\/shop.cad2cad.com\/pl\/wp-json\/wp\/v2\/product"}],"about":[{"href":"https:\/\/shop.cad2cad.com\/pl\/wp-json\/wp\/v2\/types\/product"}],"wp:featuredmedia":[{"embeddable":true,"href":"https:\/\/shop.cad2cad.com\/pl\/wp-json\/wp\/v2\/media\/90"}],"wp:attachment":[{"href":"https:\/\/shop.cad2cad.com\/pl\/wp-json\/wp\/v2\/media?parent=89"}],"wp:term":[{"taxonomy":"product_cat","embeddable":true,"href":"https:\/\/shop.cad2cad.com\/pl\/wp-json\/wp\/v2\/product_cat?post=89"},{"taxonomy":"product_tag","embeddable":true,"href":"https:\/\/shop.cad2cad.com\/pl\/wp-json\/wp\/v2\/product_tag?post=89"}],"curies":[{"name":"wp","href":"https:\/\/api.w.org\/{rel}","templated":true}]}}