{"id":86,"date":"2019-09-27T14:36:18","date_gmt":"2019-09-27T12:36:18","guid":{"rendered":"http:\/\/shop.cad2cad.com\/encad2cad\/?post_type=product&#038;p=86"},"modified":"2019-11-20T14:47:37","modified_gmt":"2019-11-20T13:47:37","slug":"ruplan-converter-pro","status":"publish","type":"product","link":"https:\/\/shop.cad2cad.com\/pl\/product\/ruplan-converter-pro\/","title":{"rendered":"Ruplan Konwerter PRO"},"content":{"rendered":"","protected":false},"excerpt":{"rendered":"<p>Konwerter dokumentacji elektrycznej. Pozwala na precyzyjn\u0105 konwersje zar\u00f3wno element\u00f3w graficznych jak i logicznych rysunku z formatu Ruplan \u00a9na formaty DXF\/WG, PDF, TIFF, DGN. Jak r\u00f3wnie\u017c z foramtu DXF\/DWG na format Ruplan\u00a9.<\/p>\n","protected":false},"featured_media":91,"template":"","meta":{"_acf_changed":false},"product_cat":[25],"product_tag":[],"acf":[],"_links":{"self":[{"href":"https:\/\/shop.cad2cad.com\/pl\/wp-json\/wp\/v2\/product\/86"}],"collection":[{"href":"https:\/\/shop.cad2cad.com\/pl\/wp-json\/wp\/v2\/product"}],"about":[{"href":"https:\/\/shop.cad2cad.com\/pl\/wp-json\/wp\/v2\/types\/product"}],"wp:featuredmedia":[{"embeddable":true,"href":"https:\/\/shop.cad2cad.com\/pl\/wp-json\/wp\/v2\/media\/91"}],"wp:attachment":[{"href":"https:\/\/shop.cad2cad.com\/pl\/wp-json\/wp\/v2\/media?parent=86"}],"wp:term":[{"taxonomy":"product_cat","embeddable":true,"href":"https:\/\/shop.cad2cad.com\/pl\/wp-json\/wp\/v2\/product_cat?post=86"},{"taxonomy":"product_tag","embeddable":true,"href":"https:\/\/shop.cad2cad.com\/pl\/wp-json\/wp\/v2\/product_tag?post=86"}],"curies":[{"name":"wp","href":"https:\/\/api.w.org\/{rel}","templated":true}]}}