{"id":85,"date":"2019-09-30T14:35:26","date_gmt":"2019-09-30T12:35:26","guid":{"rendered":"http:\/\/shop.cad2cad.com\/encad2cad\/?post_type=product&#038;p=85"},"modified":"2023-02-07T16:09:57","modified_gmt":"2023-02-07T15:09:57","slug":"cad-viewer-and-editor","status":"publish","type":"product","link":"https:\/\/shop.cad2cad.com\/pl\/product\/cad-viewer-and-editor\/","title":{"rendered":"Przegl\u0105darka i Edytor CAD"},"content":{"rendered":"","protected":false},"excerpt":{"rendered":"<p>TwinView Edit to profesjonalny edytor i \u00a0przegl\u0105darka plik\u00f3w CAD &amp; DTP,\u00a0jak r\u00f3wnie\u017c program do drukowania zaprojektowany z my\u015bl\u0105 o profesjonalistach.<span class=\"Apple-converted-space\">\u00a0<\/span><\/p>\n<p>Zapytaj o update<\/p>\n[contact-form-7 id=\"56\" title=\"Contact\"]\n","protected":false},"featured_media":92,"template":"","meta":{"_acf_changed":false},"product_cat":[16],"product_tag":[],"acf":[],"_links":{"self":[{"href":"https:\/\/shop.cad2cad.com\/pl\/wp-json\/wp\/v2\/product\/85"}],"collection":[{"href":"https:\/\/shop.cad2cad.com\/pl\/wp-json\/wp\/v2\/product"}],"about":[{"href":"https:\/\/shop.cad2cad.com\/pl\/wp-json\/wp\/v2\/types\/product"}],"wp:featuredmedia":[{"embeddable":true,"href":"https:\/\/shop.cad2cad.com\/pl\/wp-json\/wp\/v2\/media\/92"}],"wp:attachment":[{"href":"https:\/\/shop.cad2cad.com\/pl\/wp-json\/wp\/v2\/media?parent=85"}],"wp:term":[{"taxonomy":"product_cat","embeddable":true,"href":"https:\/\/shop.cad2cad.com\/pl\/wp-json\/wp\/v2\/product_cat?post=85"},{"taxonomy":"product_tag","embeddable":true,"href":"https:\/\/shop.cad2cad.com\/pl\/wp-json\/wp\/v2\/product_tag?post=85"}],"curies":[{"name":"wp","href":"https:\/\/api.w.org\/{rel}","templated":true}]}}