{"id":4371,"date":"2023-02-07T15:04:20","date_gmt":"2023-02-07T14:04:20","guid":{"rendered":"https:\/\/shop.cad2cad.com\/pl\/?post_type=product&#038;p=4371"},"modified":"2023-02-07T16:09:52","modified_gmt":"2023-02-07T15:09:52","slug":"pdf-przegladarka-i-edytor-cad","status":"publish","type":"product","link":"https:\/\/shop.cad2cad.com\/pl\/product\/pdf-przegladarka-i-edytor-cad\/","title":{"rendered":"PDF Przegl\u0105darka i Edytor CAD"},"content":{"rendered":"","protected":false},"excerpt":{"rendered":"<p class=\"p1\">Edytor i przegl\u0105darka plik\u00f3w CAD i PDF\u00a0\u00a0umo\u017cliwiaj\u0105cy szybkie i precyzyjne przegl\u0105danie dokument\u00f3w. TwinView Edit dodatkowo umo\u017cliwia edycj\u0119 oraz tworzenie nowych rysunk\u00f3w CAD.<\/p>\n<p>Zapytaj o update<\/p>\n[contact-form-7 id=\"56\" title=\"Contact\"]\n","protected":false},"featured_media":88,"template":"","meta":{"_acf_changed":false},"product_cat":[16],"product_tag":[],"acf":[],"_links":{"self":[{"href":"https:\/\/shop.cad2cad.com\/pl\/wp-json\/wp\/v2\/product\/4371"}],"collection":[{"href":"https:\/\/shop.cad2cad.com\/pl\/wp-json\/wp\/v2\/product"}],"about":[{"href":"https:\/\/shop.cad2cad.com\/pl\/wp-json\/wp\/v2\/types\/product"}],"wp:featuredmedia":[{"embeddable":true,"href":"https:\/\/shop.cad2cad.com\/pl\/wp-json\/wp\/v2\/media\/88"}],"wp:attachment":[{"href":"https:\/\/shop.cad2cad.com\/pl\/wp-json\/wp\/v2\/media?parent=4371"}],"wp:term":[{"taxonomy":"product_cat","embeddable":true,"href":"https:\/\/shop.cad2cad.com\/pl\/wp-json\/wp\/v2\/product_cat?post=4371"},{"taxonomy":"product_tag","embeddable":true,"href":"https:\/\/shop.cad2cad.com\/pl\/wp-json\/wp\/v2\/product_tag?post=4371"}],"curies":[{"name":"wp","href":"https:\/\/api.w.org\/{rel}","templated":true}]}}