{"id":3,"date":"2019-09-21T14:48:52","date_gmt":"2019-09-21T12:48:52","guid":{"rendered":"http:\/\/shop.cad2cad.com\/encad2cad\/?page_id=3"},"modified":"2023-01-12T20:22:55","modified_gmt":"2023-01-12T19:22:55","slug":"polityka-prywatnosci","status":"publish","type":"page","link":"https:\/\/shop.cad2cad.com\/pl\/polityka-prywatnosci\/","title":{"rendered":"Polityka prywatno\u015bci"},"content":{"rendered":"\n<p>Polityka prywatno\u015bci i cookies strony internetowej<\/p>\n\n\n\n<h2 class=\"wp-block-heading\">I. Informacje og\u00f3lne<\/h2>\n\n\n\n<ol type=\"1\"><li>Polityka prywatno\u015bci i cookies dotyczy przetwarzania danych osobowych przez \u2013CADWORK Poland sp. z o.o. i stosowania cookies.<\/li><li>Strona Internetowa realizuje funkcje pozyskiwania informacji o Klientach i ich zachowaniu w nast\u0119puj\u0105cy spos\u00f3b:<ol><li>poprzez dobrowolnie wprowadzone w formularzach informacje.<\/li><\/ol><ol><li>poprzez zapisywanie w urz\u0105dzeniach ko\u0144cowych pliki cookies (&nbsp;&nbsp;&nbsp;&nbsp;&nbsp;&nbsp;&nbsp;&nbsp;&nbsp;&nbsp;&nbsp;&nbsp;&nbsp;&nbsp;&nbsp;&nbsp;&nbsp;&nbsp;&nbsp;&nbsp;&nbsp;&nbsp;&nbsp;&nbsp;&nbsp;&nbsp;&nbsp;&nbsp; tzw. &#8222;ciasteczka\u201d).<\/li><\/ol><ol><li>poprzez gromadzenie log\u00f3w serwera www przez operatora &nbsp;&nbsp;&nbsp;&nbsp;&nbsp;&nbsp;&nbsp;&nbsp;&nbsp;&nbsp;&nbsp;&nbsp;&nbsp;&nbsp;&nbsp;&nbsp;&nbsp;&nbsp;&nbsp;&nbsp;&nbsp;&nbsp;&nbsp;&nbsp;&nbsp;&nbsp;&nbsp;&nbsp;&nbsp;&nbsp;&nbsp;&nbsp;&nbsp;&nbsp;&nbsp; hostingowego strony internetowej (konieczne do poprawnego &nbsp;&nbsp;&nbsp;&nbsp;&nbsp;&nbsp;&nbsp;&nbsp;&nbsp;&nbsp;&nbsp;&nbsp;&nbsp;&nbsp;&nbsp;&nbsp;&nbsp;&nbsp;&nbsp;&nbsp;&nbsp;&nbsp;&nbsp;&nbsp;&nbsp;&nbsp;&nbsp;&nbsp;&nbsp;&nbsp;&nbsp; dzia\u0142ania serwisu)<\/li><\/ol><\/li><\/ol>\n\n\n\n<h2 class=\"wp-block-heading\">II. Informacje w formularzach<\/h2>\n\n\n\n<ol type=\"1\"><li>CADWORK Poland sp. z o.o. zbiera informacje podane dobrowolnie przez &nbsp;&nbsp;&nbsp;&nbsp;&nbsp;&nbsp;&nbsp;&nbsp;&nbsp;&nbsp;&nbsp;&nbsp;&nbsp;&nbsp; Klienta.<\/li><li>CADWORK Poland sp. z o.o. mo\u017ce zapisa\u0107 automatycznie informacje o parametrach po\u0142\u0105czenia (oznaczenie czasu, adres IP).<\/li><li>Dane w formularzu nie s\u0105 udost\u0119pniane podmiotom trzecim inaczej, ni\u017c za zgod\u0105 Klienta, chyba, \u017ce poni\u017cej okre\u015blono inaczej (wynika z przepis\u00f3w prawa).<\/li><li>Dane podane w formularzu s\u0105 przetwarzane w celu wynikaj\u0105cym z funkcji konkretnego formularza, np. w celu odpowiedzi na zapytanie.<\/li><\/ol>\n\n\n\n<h2 class=\"wp-block-heading\">III. Informacja o plikach cookies<\/h2>\n\n\n\n<ol type=\"1\"><li>Strona Internetowa korzysta z plik\u00f3w cookies.<\/li><li>Pliki cookies (tzw. ciasteczka) stanowi\u0105 dane informatyczne, w szczeg\u00f3lno\u015bci pliki tekstowe, kt\u00f3re przechowywane s\u0105 w urz\u0105dzeniu ko\u0144cowym Klienta i przeznaczone s\u0105 do korzystania ze strony internetowej. Cookies zazwyczaj zawieraj\u0105 nazw\u0119 strony internetowej, z kt\u00f3rej pochodz\u0105, czas przechowywania ich na urz\u0105dzeniu ko\u0144cowym oraz unikalny numer.<\/li><li>Podmiotem zamieszczaj\u0105cym na urz\u0105dzeniu ko\u0144cowym Klienta pliki cookies oraz uzyskuj\u0105cym do nich dost\u0119p jest operator Strona internetowa CADWORK Poland sp. z o.o. Pliki cookies wykorzystywane s\u0105 w nast\u0119puj\u0105cych celach:<ol><li>tworzenia statystyk, kt\u00f3re pomagaj\u0105 zrozumie\u0107, w jaki spos\u00f3b odwiedzaj\u0105cy stron\u0119 internetow\u0105 korzystaj\u0105 ze strony internetowej, co umo\u017cliwia ulepszanie ich struktury i zawarto\u015bci;<\/li><\/ol><ol><li>okre\u015blania profilu Klienta w celu wy\u015bwietlania mu dopasowanych materia\u0142\u00f3w w sieciach reklamowych, w szczeg\u00f3lno\u015bci sieci Google<\/li><\/ol><\/li><li>W ramach Strony internetowej stosowane s\u0105 dwa zasadnicze rodzaje plik\u00f3w cookies: \u201esesyjne&#8221; (session cookies) oraz \u201esta\u0142e&#8221; (persistent cookies). Cookies \u201esesyjne&#8221; s\u0105 plikami tymczasowymi, kt\u00f3re przechowywane s\u0105 w urz\u0105dzeniu ko\u0144cowym Klienta do czasu wylogowania, opuszczenia strony internetowej lub wy\u0142\u0105czenia oprogramowania (przegl\u0105darki internetowej). \u201eSta\u0142e&#8221; pliki cookies przechowywane s\u0105 w urz\u0105dzeniu ko\u0144cowym Klienta przez czas okre\u015blony w parametrach plik\u00f3w cookies lub do czasu ich usuni\u0119cia przez Klienta.<\/li><li>Oprogramowanie do przegl\u0105dania stron Internetowych (przegl\u0105darka internetowa) zazwyczaj domy\u015blnie dopuszcza przechowywanie plik\u00f3w cookies w urz\u0105dzeniu ko\u0144cowym Klienta. Klienci mog\u0105 dokona\u0107 zmiany ustawie\u0144 w tym zakresie.<br>Przegl\u0105darka internetowa umo\u017cliwia usuni\u0119cie plik\u00f3w cookies. Mo\u017cliwe jest tak\u017ce automatyczne blokowanie plik\u00f3w cookies. Szczeg\u00f3\u0142owe informacje na ten temat zawiera pomoc lub dokumentacja przegl\u0105darki internetowej.<\/li><li>Ograniczenia stosowania plik\u00f3w cookies mog\u0105 wp\u0142yn\u0105\u0107 na niekt\u00f3re funkcjonalno\u015bci dost\u0119pne na stronie internetowej.<\/li><li>Pliki cookies zamieszczane w urz\u0105dzeniu ko\u0144cowym Klienta i wykorzystywane mog\u0105 by\u0107 r\u00f3wnie\u017c przez wsp\u00f3\u0142pracuja\u0328cych ze stronami internetowymi reklamodawc\u00f3w oraz partner\u00f3w.<\/li><li>Pliki cookies mog\u0105 by\u0107 wykorzystane przez sieci reklamowe, w szczeg\u00f3lno\u015bci sie\u0107 Google, do wy\u015bwietlenia reklam dopasowanych do sposobu, w jaki Klient korzysta ze strony internetowej. W tym celu mog\u0105 zachowa\u0107 informacj\u0119 o \u015bcie\u017cce nawigacji Klienta lub czasie pozostawania na danej stronie.<\/li><li>Klient moz\u0307e nie wyrazi\u0107 zgody na przetwarzanie plik\u00f3w cookies nie akceptuj\u0105c zgody na ich przetwarzanie wy\u015bwietlaj\u0105cej si\u0119 na stronie (mo\u017ce to spowodowa\u0107 niepoprawne dzia\u0142anie serwisu). W zakresie informacji o preferencjach Klienta gromadzonych przez sie\u0107 reklamow\u0105 Google Klient moz\u0307e przegl\u0105da\u0107 i edytowa\u0107 informacje wynikaj\u0105ce z plik\u00f3w cookies przy pomocy narz\u0119dzia: https:\/\/www.google.com\/ads\/preferences\/.<\/li><\/ol>\n\n\n\n<h2 class=\"wp-block-heading\">IV. Logi serwera<\/h2>\n\n\n\n<ol type=\"1\"><li>Informacje o niekt\u00f3rych zachowaniach Klient\u00f3w podlegaj\u0105 logowaniu w warstwie serwerowej.<br>Dane te sa\u0328 wykorzystywane wy\u0142\u0105cznie w celu administrowania stron\u0105 internetow\u0105 oraz w celu zapewnienia jak najbardziej sprawnej obs\u0142ugi \u015bwiadczonych us\u0142ug hostingowych.<\/li><li>Przegl\u0105dane zasoby identyfikowane s\u0105 poprzez adresy URL. Ponadto zapisowi mog\u0105 podlega\u0107:<ol><li>czas nadej\u015bcia zlecenia lub zapytania,<\/li><\/ol><ol><li>czas wys\u0142ania odpowiedzi,<\/li><\/ol><ol><li>nazw\u0119 stacji klienta &#8211; identyfikacja realizowana przez protok\u00f3\u0142 HTTP,<\/li><\/ol><ol><li>informacje o b\u0142\u0119dach jakie nast\u0105pi\u0142y przy realizacji transakcji HTTP,<\/li><\/ol><ol><li>adres URL strony poprzednio odwiedzanej przez Klienta (referer link) \u2013 w przypadku gdy przej\u015bcie do strony internetowej nast\u0105pi\u0142o przez odno\u015bnik,<\/li><\/ol><ol><li>Informacje o przegl\u0105darce Klienta, g. informacje o adresie IP. Dane powy\u017csze nie s\u0105 kojarzone z konkretnymi osobami przegl\u0105daj\u0105cymi strony &#8211; w rozumieniu przepis\u00f3w prawa s\u0105 anonimowe.<\/li><\/ol><ol><li>Dane powy\u017csze s\u0105 wykorzystywane jedynie dla cel\u00f3w administrowania serwerem.<\/li><\/ol><\/li><\/ol>\n\n\n\n<h2 class=\"wp-block-heading\">V. Udost\u0119pnienie danych<\/h2>\n\n\n\n<ol type=\"1\"><li>Dane podlegaj\u0105 udost\u0119pnieniu podmiotom zewn\u0119trznym wy\u0142\u0105cznie w granicach prawnie dozwolonych.<\/li><li>CADWORK Poland sp. z o.o. mo\u017ce mie\u0107 obowi\u0105zek udzielania informacji zebranych przez Strona Internetowa upowa\u017cnionym organom na podstawie zgodnych z prawem \u017c\u0105da\u0144 w zakresie wynikaj\u0105cym z \u017c\u0105dania.<\/li><li>W takim przypadku Klienci zostan\u0105 poinformowani o nowym administratorze ich danych osobowych zgodnie z obowi\u0105zuj\u0105cymi przepisami.<\/li><li>Odbiorcami danych mog\u0105 by\u0107 podmioty zajmuj\u0105ce sie\u0328 obs\u0142uga\u0328 informatyczn\u0105 administratora danych.<\/li><\/ol>\n\n\n\n<h2 class=\"wp-block-heading\">VI. Zabezpieczenie danych osobowych<\/h2>\n\n\n\n<ol type=\"1\"><li>Strona Internetowa CADWORK Poland sp. z o.o. dba o bezpiecze\u0144stwo danych osobowych Klient\u00f3w, dlatego wsz\u0119dzie tam, gdzie wymagane jest podawanie danych osobowych, po\u0142\u0105czenie mi\u0119dzy Klientem a serwerem jest szyfrowane. Dzi\u0119ki temu Klienci nie musz\u0105 sie\u0328 martwic\u0301, z\u0307e dane przesy\u0142ane z lub do serwera zostan\u0105 przez kogo\u015b podejrzane, przechwycone i wykorzystane.<\/li><li>Administratorem danych osobowych jest CADWORK Poland sp. Z o.o. ul. Wroc\u0142awska 43A\/4, Krak\u00f3w 32-083. Kontakt do Inspektora Ochrony Danych osobowych: info@cad2cad.com<\/li><li>Dane osobowe zosta\u0142y przekazane \u015bwiadomie i dobrowolnie oraz b\u0119d\u0105 przetwarzane wy\u0142\u0105cznie w celach opisanych w paragrafach III pkt 4, IV pkt 4 oraz w V pkt 4 niniejszego dokumentu.<\/li><li>Bez wyra\u017anej zgody dane osobowe nie b\u0119d\u0105 udost\u0119pniane innym odbiorcom danych, poza podwykonawcami naszych us\u0142ug informatycznych w celach utrzymania systemu.<\/li><\/ol>\n\n\n\n<h2 class=\"wp-block-heading\">VII. Zmiana, poprawianie, usuwanie, przetwarzanie danych osobowych.<\/h2>\n\n\n\n<ol type=\"1\"><li>Zgodnie z Rozporz\u0105dzeniem Parlamentu Europejskiego i Rady (UE) 2016\/679 z dnia 27 kwietnia 2016 roku, w sprawie ochrony os\u00f3b fizycznych w zwi\u0105zku z przetwarzaniem danych osobowych i w sprawie swobodnego przep\u0142ywu takich danych oraz uchylenia dyrektywy 95\/46\/WE (og\u00f3lne rozporz\u0105dzenie o ochronie danych) CADWORK Poland sp. z o.o. zapewnia Klientom swobodny dost\u0119p do danych osobowych, ich zmian\u0119, zapomnienie, poprawianie oraz usuwanie.<\/li><li>Wszelkie informacje odno\u015bnie dost\u0119pu, zmiany, poprawiania oraz usuwania swoich danych osobowych, uzyskaj\u0105 Pa\u0144stwo kontaktuj\u0105c si\u0119 z naszym Dzia\u0142em Obs\u0142ugi Klienta \u2013 <a href=\"tel:12\">tel:12<\/a> 6307793 i ba\u0328d\u017a poprzez formularz kontaktowy znajduj\u0105cy si\u0119 na stronie internetowej: www.cad2cad.com<\/li><li>W razie jakichkolwiek pyta\u0144 prosimy o kontakt do naszego Inspektora Danych Osobowych: info@cad2cad.com<\/li><li>CADWORK Poland sp. z o.o. uz\u0307ywa zautomatyzowanego przetwarzania danych osobowych, jakim jest profilowanie w celu dostosowania oferty do osobistych preferencji Klienta.<\/li><li>Klient ma prawo do wniesienia skargi do organu nadzorczego.<\/li><li>Opis jak wycofa\u0107 zgod\u0119 na przetwarzanie plik\u00f3w cookies znajduje si\u0119 w paragrafie IX niniejszego dokumentu.<\/li><li>Zgody na przetwarzanie danych osobowych zawsze maj\u0105 podany czas przez jaki obowi\u0105zuj\u0105, w przypadku braku okre\u015blenia owego terminu obowi\u0105zuj\u0105 do czasu ewentualnego odwo\u0142ania zgody, a po takim odwo\u0142aniu, przez okres przedawnienia roszcze\u0144 przys\u0142uguj\u0105cych administratorowi danych i w stosunku do niego, chyba \u017ce przetwarzanie odbywa si\u0119 na podstawie innych przepis\u00f3w prawa ni\u017c wyra\u017cona zgoda.<\/li><\/ol>\n\n\n\n<h2 class=\"wp-block-heading\">VIII. Zarz\u0105dzanie plikami cookies &#8211; jak w praktyce wyra\u017ca\u0107 i cofac\u0301 zgod\u0119?<\/h2>\n\n\n\n<ol type=\"1\"><li>Jes\u0301li Klient nie chce korzysta\u0107 z plik\u00f3w cookies, mo\u017ce zmieni\u0107 ustawienia przegl\u0105darki. Zastrzegamy, \u017ce wy\u0142\u0105czenie obs\u0142ugi plik\u00f3w cookies niezb\u0119dnych dla proces\u00f3w uwierzytelniania, bezpiecze\u0144stwa, utrzymania preferencji Klienta mo\u017ce utrudni\u0107, a w skrajnych przypadkach mo\u017ce uniemo\u017cliwi\u0107 korzystanie ze strony internetowej<\/li><li>W celu zarz\u0105dzania ustawieniami cookies wybierz z listy poni\u017cej przegl\u0105dark\u0119 internetow\u0105\/ system i post\u0119puj zgodnie z instrukcjami:<ol><li><a href=\"https:\/\/support.microsoft.com\/pl-pl\/help\/196955\">Internet Explorer<\/a><\/li><\/ol><ol><li><a href=\"https:\/\/support.google.com\/chrome\/answer\/95647?hl=pl\">Chrome<\/a><\/li><\/ol><ol><li><a href=\"https:\/\/support.mozilla.org\/pl\/kb\/W%C5%82%C4%85czanie%20i%20wy%C5%82%C4%85czanie%20obs%C5%82ugi%20ciasteczek\">Safari<\/a><\/li><\/ol><ol><li><a href=\"https:\/\/support.mozilla.org\/pl\/kb\/W%C5%82%C4%85czanie%20i%20wy%C5%82%C4%85czanie%20obs%C5%82ugi%20ciasteczek\">Firefox<\/a><\/li><\/ol><ol><li><a href=\"http:\/\/help.opera.com\/Windows\/12.10\/pl\/cookies.html\">Opera<\/a><\/li><\/ol><ol><li><a href=\"https:\/\/support.google.com\/chrome\/answer\/95647?hl=pl\">Android<\/a><\/li><\/ol><ol><li><a href=\"https:\/\/support.apple.com\/pl-pl\/HT201265\">Safari (iOS)<\/a><\/li><\/ol><ol><li><a href=\"https:\/\/support.microsoft.com\/pl-pl\/help\/11696\/windows-phone-7\">Windows Phone<\/a><\/li><\/ol><ol><li><a href=\"http:\/\/help.blackberry.com\/en\/smartphone_users\/deliverables\/32004\/Turn_off_cookies_in_the_browser_60_1072866_11.jsp\">Blackberry<\/a><\/li><\/ol><\/li><\/ol>\n","protected":false},"excerpt":{"rendered":"<p>Polityka prywatno\u015bci i cookies strony internetowej I. Informacje og\u00f3lne Polityka prywatno\u015bci i cookies dotyczy przetwarzania danych osobowych przez \u2013CADWORK Poland sp. z o.o. i stosowania cookies. Strona Internetowa realizuje funkcje pozyskiwania informacji o Klientach i ich zachowaniu w nast\u0119puj\u0105cy spos\u00f3b: poprzez dobrowolnie wprowadzone w formularzach informacje. poprzez zapisywanie w urz\u0105dzeniach ko\u0144cowych pliki cookies (&nbsp;&nbsp;&nbsp;&nbsp;&nbsp;&nbsp;&nbsp;&nbsp;&nbsp;&nbsp;&nbsp;&nbsp;&nbsp;&nbsp;&nbsp;&nbsp;&nbsp;&nbsp;&nbsp;&nbsp;&nbsp;&nbsp;&nbsp;&nbsp;&nbsp;&nbsp;&nbsp;&nbsp; tzw. &hellip; <a href=\"https:\/\/shop.cad2cad.com\/pl\/polityka-prywatnosci\/\">Continued<\/a><\/p>\n","protected":false},"author":1,"featured_media":0,"parent":0,"menu_order":0,"comment_status":"closed","ping_status":"closed","template":"","meta":{"_acf_changed":false,"footnotes":""},"acf":[],"_links":{"self":[{"href":"https:\/\/shop.cad2cad.com\/pl\/wp-json\/wp\/v2\/pages\/3"}],"collection":[{"href":"https:\/\/shop.cad2cad.com\/pl\/wp-json\/wp\/v2\/pages"}],"about":[{"href":"https:\/\/shop.cad2cad.com\/pl\/wp-json\/wp\/v2\/types\/page"}],"author":[{"embeddable":true,"href":"https:\/\/shop.cad2cad.com\/pl\/wp-json\/wp\/v2\/users\/1"}],"replies":[{"embeddable":true,"href":"https:\/\/shop.cad2cad.com\/pl\/wp-json\/wp\/v2\/comments?post=3"}],"version-history":[{"count":3,"href":"https:\/\/shop.cad2cad.com\/pl\/wp-json\/wp\/v2\/pages\/3\/revisions"}],"predecessor-version":[{"id":4296,"href":"https:\/\/shop.cad2cad.com\/pl\/wp-json\/wp\/v2\/pages\/3\/revisions\/4296"}],"wp:attachment":[{"href":"https:\/\/shop.cad2cad.com\/pl\/wp-json\/wp\/v2\/media?parent=3"}],"curies":[{"name":"wp","href":"https:\/\/api.w.org\/{rel}","templated":true}]}}