{"id":267,"date":"2019-11-29T11:08:54","date_gmt":"2019-11-29T10:08:54","guid":{"rendered":"http:\/\/shop.cad2cad.com\/pl\/?page_id=267"},"modified":"2019-11-29T11:13:44","modified_gmt":"2019-11-29T10:13:44","slug":"impressum","status":"publish","type":"page","link":"https:\/\/shop.cad2cad.com\/pl\/impressum\/","title":{"rendered":"Impressum"},"content":{"rendered":"\n<p><strong>Serwis oferowany przez:<\/strong><\/p>\n\n\n\n<p>CADWORK Poland Sp. z o.o.<\/p>\n\n\n\n<p>ul. Wroc\u0142awska 43a\/4<br>30-011 Krak\u00f3w<br>Polska<br>www.cad2cad.eu<\/p>\n\n\n\n<p><strong>NIP<\/strong>&nbsp;945-10-66-170<br><strong>REGON<\/strong>&nbsp;350860970<\/p>\n\n\n\n<p><strong>Copyrights<\/strong><br>CADWORK Poland Sp. z o.o.<br><br>Wszystkie inne nazwy firm, nazwy produkt\u00f3w lub znaki towarowe zosta\u0142y u\u017cyte wy\u0142\u0105cznie dla identyfikacji i nale\u017c\u0105 do ich poszczeg\u00f3lnych w\u0142a\u015bciciel.<\/p>\n\n\n\n<p><strong>Polityka prywatno\u015bci serwisu<\/strong>&nbsp;<a href=\"http:\/\/www.cad2cad.com\/pl\">www.cad2cad.com\/pl<\/a><\/p>\n\n\n\n<p>1. Informacje og\u00f3lne<br>Niniejsza Polityka Prywatno\u015bci okre\u015bla zasady przetwarzania i ochrony danych osobowych przekazanych przez U\u017cytkownik\u00f3w w zwi\u0105zku z korzystaniem przez nich us\u0142ug dowload poprzez Serwis.<\/p>\n\n\n\n<p>2. Administratorem danych osobowych zawartych w serwisie jest:&nbsp;<\/p>\n\n\n\n<p><strong>CADWORK Poland Sp. z o.o.<\/strong><br>z siedzib\u0105 w Krakowie ul.Wroc\u0142awska 43a, 30-011, Polska.<br><strong>KRS 0000185675 NIP 9451066170 REGON 35086097000000<\/strong><\/p>\n\n\n\n<p>3. W trosce o bezpiecze\u0144stwo powierzonych nam danych opracowali\u015bmy wewn\u0119trzne procedury i zalecenia, kt\u00f3re maj\u0105 zapobiec udost\u0119pnieniu danych osobom nieupowa\u017cnionym. Kontrolujemy ich wykonywanie i stale sprawdzamy ich zgodno\u015b\u0107 z odpowiednimi aktami prawnymi &#8211; ustaw\u0105 o ochronie danych osobowych, ustaw\u0105 o \u015bwiadczeniu us\u0142ug drog\u0105 elektroniczn\u0105, a tak\u017ce wszelkiego rodzaju aktach wykonawczych i aktach prawa wsp\u00f3lnotowego.<\/p>\n\n\n\n<p><br>4. Dane Osobowe przetwarzane s\u0105 na podstawie zgody wyra\u017canej przez U\u017cytkownika oraz w przypadkach, w kt\u00f3rych przepisy prawa upowa\u017cniaj\u0105 Administratora do przetwarzania danych osobowych na podstawie przepis\u00f3w prawa lub w celu realizacji zawartej pomi\u0119dzy stronami umowy.<\/p>\n\n\n\n<p>5. Serwis realizuje funkcje pozyskiwania informacji o u\u017cytkownikach i ich zachowaniach w nast\u0119puj\u0105cy spos\u00f3b:<br>poprzez dobrowolnie wprowadzone w formularzach informacje<br>poprzez gromadzenie plik\u00f3w \u201ccookies\u201d [patrz polityka plik\u00f3w \u201ccookies\u201d].<\/p>\n\n\n\n<p>6. Serwis zbiera informacje dobrowolnie podane przez u\u017cytkownika.<\/p>\n\n\n\n<p>7. Dane podane w formularzu s\u0105 przetwarzane w celu wynikaj\u0105cym z funkcji konkretnego formularza np. w celu dokonania procesu obs\u0142ugi kontaktu informacyjnego.<\/p>\n\n\n\n<p>8. Dane osobowe pozostawione w serwisie nie zostan\u0105 sprzedane ani udost\u0119pnione osobom trzecim, zgodnie z przepisami Ustawy o ochronie danych osobowych.<\/p>\n\n\n\n<p>9. Do danych zawartych w formularzu przys\u0142uguje wgl\u0105d osobie fizycznej, kt\u00f3ra je tam umie\u015bci\u0142a. Osoba ta ma r\u00f3wnie\u017c praw do modyfikacji i zaprzestania przetwarzania swoich danych w dowolnym momencie.<\/p>\n\n\n\n<p>10. Zastrzegamy sobie prawo do zmiany w polityce ochrony prywatno\u015bci serwisu, na kt\u00f3re mo\u017ce wp\u0142yn\u0105\u0107 rozw\u00f3j technologii internetowej, ewentualne zmiany prawa w zakresie ochrony danych osobowych oraz rozw\u00f3j naszego serwisu internetowego. O wszelkich zmianach b\u0119dziemy informowa\u0107 w spos\u00f3b widoczny i zrozumia\u0142y.<\/p>\n\n\n\n<p>11. W Serwisie mog\u0105 pojawia\u0107 si\u0119 linki do innych stron internetowych. Takie strony internetowe dzia\u0142aj\u0105 niezale\u017cnie od Serwisu i nie s\u0105 w \u017caden spos\u00f3b nadzorowane przez serwis www.cad2cad.com Strony te mog\u0105 posiada\u0107 w\u0142asne polityki dotycz\u0105ce prywatno\u015bci oraz regulaminy, z kt\u00f3rymi zalecamy si\u0119 zapozna\u0107.<br>W razie w\u0105tpliwo\u015bci co kt\u00f3regokolwiek z zapis\u00f3w niniejszej polityki prywatno\u015bci jeste\u015bmy do dyspozycji &#8211; nasze dane znale\u017a\u0107 mo\u017cna w zak\u0142adce &#8211;<a href=\"\/pl\/kontakt\/\">&nbsp;KONTAKT<\/a><\/p>\n","protected":false},"excerpt":{"rendered":"<p>Serwis oferowany przez: CADWORK Poland Sp. z o.o. ul. Wroc\u0142awska 43a\/430-011 Krak\u00f3wPolskawww.cad2cad.eu NIP&nbsp;945-10-66-170REGON&nbsp;350860970 CopyrightsCADWORK Poland Sp. z o.o. Wszystkie inne nazwy firm, nazwy produkt\u00f3w lub znaki towarowe zosta\u0142y u\u017cyte wy\u0142\u0105cznie dla identyfikacji i nale\u017c\u0105 do ich poszczeg\u00f3lnych w\u0142a\u015bciciel. Polityka prywatno\u015bci serwisu&nbsp;www.cad2cad.com\/pl 1. Informacje og\u00f3lneNiniejsza Polityka Prywatno\u015bci okre\u015bla zasady przetwarzania i ochrony danych osobowych przekazanych przez &hellip; <a href=\"https:\/\/shop.cad2cad.com\/pl\/impressum\/\">Continued<\/a><\/p>\n","protected":false},"author":1,"featured_media":0,"parent":0,"menu_order":0,"comment_status":"closed","ping_status":"closed","template":"","meta":{"_acf_changed":false,"footnotes":""},"acf":[],"_links":{"self":[{"href":"https:\/\/shop.cad2cad.com\/pl\/wp-json\/wp\/v2\/pages\/267"}],"collection":[{"href":"https:\/\/shop.cad2cad.com\/pl\/wp-json\/wp\/v2\/pages"}],"about":[{"href":"https:\/\/shop.cad2cad.com\/pl\/wp-json\/wp\/v2\/types\/page"}],"author":[{"embeddable":true,"href":"https:\/\/shop.cad2cad.com\/pl\/wp-json\/wp\/v2\/users\/1"}],"replies":[{"embeddable":true,"href":"https:\/\/shop.cad2cad.com\/pl\/wp-json\/wp\/v2\/comments?post=267"}],"version-history":[{"count":3,"href":"https:\/\/shop.cad2cad.com\/pl\/wp-json\/wp\/v2\/pages\/267\/revisions"}],"predecessor-version":[{"id":271,"href":"https:\/\/shop.cad2cad.com\/pl\/wp-json\/wp\/v2\/pages\/267\/revisions\/271"}],"wp:attachment":[{"href":"https:\/\/shop.cad2cad.com\/pl\/wp-json\/wp\/v2\/media?parent=267"}],"curies":[{"name":"wp","href":"https:\/\/api.w.org\/{rel}","templated":true}]}}