{"id":15,"date":"2019-09-22T16:36:17","date_gmt":"2019-09-22T14:36:17","guid":{"rendered":"http:\/\/shop.cad2cad.com\/encad2cad\/?page_id=15"},"modified":"2019-11-14T14:34:31","modified_gmt":"2019-11-14T13:34:31","slug":"regulations","status":"publish","type":"page","link":"https:\/\/shop.cad2cad.com\/pl\/regulations\/","title":{"rendered":"R E G U L A M I N"},"content":{"rendered":"\n<p style=\"text-align:center\"><strong>\u00a7 1 Postanowienia og\u00f3lne<\/strong><\/p>\n\n\n\n<p>1. W\u0142a\u015bcicielem sklepu internetowego www.shop.cad2cad.eu (zwanego dalej: \u201e<strong>Sklepem<\/strong>\u201d) jest Cadwork Poland sp. z o.o., 30-011 Krak\u00f3w, ul. Wroc\u0142awska 43A\/4, NIP 945-106-61-70, wpisana do Rejestru Przedsi\u0119biorc\u00f3w prowadzonego przez S\u0105d Rejonowy dla Krakowa -\u015ar\u00f3dmie\u015bcie w Krakowie, XI Wydzia\u0142 Gospodarczy KRS pod nr 0000185675, zwany dalej&nbsp;<strong>Sprzedawc\u0105.<\/strong><\/p>\n\n\n\n<p>2. Niniejszy Regulamin okre\u015bla zasady i warunki korzystania ze Sklepu, a w szczeg\u00f3lno\u015bci dokonywania zakup\u00f3w w Sklepie oraz zamawiania Us\u0142ug.<\/p>\n\n\n\n<p>3. Regulamin jest udost\u0119pniony Klientowi nieodp\u0142atnie za po\u015brednictwem Strony Internetowej, w formie, kt\u00f3ra umo\u017cliwia pozyskiwanie, odtwarzanie i utrwalenie Regulaminu za pomoc\u0105 Systemu Teleinformatycznego, kt\u00f3rym pos\u0142uguje si\u0119 Klient Sklepu.<\/p>\n\n\n\n<p>4. Z\u0142o\u017cenie Zam\u00f3wienia w Sklepie oznacza zapoznanie si\u0119, zaakceptowanie i przestrzeganie przez Klienta postanowie\u0144 niniejszego Regulaminu oraz dokonanie zakup\u00f3w na warunkach okre\u015blonych w Regulaminie.<\/p>\n\n\n\n<p>5. Zakup\u00f3w w Sklepie nie mog\u0105 dokonywa\u0107 osoby fizyczne, a jedynie przedsi\u0119biorcy okre\u015bleni w definicji Klienta. \ufeff<\/p>\n\n\n\n<p style=\"text-align:center\"><strong>\u00a7 2 Definicje<\/strong><\/p>\n\n\n\n<p>1.&nbsp;<strong>Aktualizacja Oprogramowania<\/strong>&nbsp;\u2013 oznacza mniej znacz\u0105c\u0105 zmian\u0119 w Oprogramowaniu, Oprogramowaniu Wewn\u0119trznym i Dokumentacji, kt\u00f3ra dostosowuje istniej\u0105c\u0105 funkcj\u0119 i\/lub istniej\u0105ce cechy w celu wyeliminowania usterek, defekt\u00f3w i nieprawid\u0142owo\u015bci i kt\u00f3ra nie ogranicza istniej\u0105cej funkcjonalno\u015bci.<\/p>\n\n\n\n<p>2.&nbsp;<strong>Dostawa&nbsp;<\/strong>\u2013 oznacza dostarczenie przez Sprzedawc\u0119, za po\u015brednictwem Dostawcy, Klientowi No\u015bnika z Oprogramowaniem okre\u015blonym w Zam\u00f3wieniu;<\/p>\n\n\n\n<p>3.&nbsp;<strong>Dostawa On-line<\/strong>&nbsp;\u2013 oznacza udost\u0119pnienie Klientowi na Stronie Internetowej przez Sprzedawc\u0119, Oprogramowania w formie pliku elektronicznego, kt\u00f3ry Klient mo\u017ce samodzielnie zapisa\u0107 na swoim komputerze.<\/p>\n\n\n\n<p>4.&nbsp;<strong>Dostawca&nbsp;<\/strong>&#8211; firma kurierska lub Poczta Polska, z kt\u00f3r\u0105 wsp\u00f3\u0142pracuje Sklep.<\/p>\n\n\n\n<p>5.&nbsp;<strong>Klient&nbsp;<\/strong>\u2013 zarejestrowana w Polsce lub za granic\u0105: osoba fizyczna prowadz\u0105ca dzia\u0142alno\u015b\u0107 gospodarcz\u0105, osoba prawna lub jednostka organizacyjna nieb\u0119d\u0105c\u0105 osob\u0105 prawn\u0105, kt\u00f3rej obowi\u0105zuj\u0105ce przepisy prawa przyznaj\u0105 zdolno\u015b\u0107 prawn\u0105, prowadz\u0105ce dzia\u0142alno\u015b\u0107 gospodarcz\u0105, jak r\u00f3wnie\u017c wsp\u00f3lnicy sp\u00f3\u0142ki cywilnej w zakresie wykonywanej przez nich dzia\u0142alno\u015bci gospodarczej, kt\u00f3ra dokonuje Zam\u00f3wienia w Sklepie;<\/p>\n\n\n\n<p>6.&nbsp;<strong>Klucz Licencji&nbsp;<\/strong>\u2013 unikalny dedykowany dla Klienta identyfikator udzielonej Klientowi Licencji na Oprogramowanie<strong>.&nbsp;<\/strong><\/p>\n\n\n\n<p>7.&nbsp;<strong>Konfiguracja Oprogramowania<\/strong>&nbsp;&#8211; zestaw cech Oprogramowania, udost\u0119pniaj\u0105ca wybrane funkcje Oprogramowania w tym rodzaj licencji, okre\u015blanych przez Klienta dla wybranego Oprogramowania podczas sk\u0142adania Zam\u00f3wienia.<\/p>\n\n\n\n<p>8.&nbsp;<strong>Licencja<\/strong>&nbsp;\u2013 jest to umowa na korzystanie z Oprogramowania, zawierana pomi\u0119dzy Sprzedawc\u0105, kt\u00f3remu przys\u0142uguj\u0105 maj\u0105tkowe prawa autorskie do Oprogramowania, a Klientem, kt\u00f3ry zamierza z danego Oprogramowania korzysta\u0107. Ka\u017cde prezentowane Oprogramowanie dost\u0119pne w Sklepie posiada osobn\u0105 umow\u0119 licencyjn\u0105, kt\u00f3ra dostarczana i prezentowana jest Klientowi podczas instalacji Oprogramowania.<\/p>\n\n\n\n<p>9.&nbsp;<strong>No\u015bnik<\/strong>&nbsp;\u2013 p\u0142yta CD\/DVD lub inny powszechnie u\u017cywany no\u015bnik danych elektronicznych, wybierany przez Klienta podczas sk\u0142adania Zam\u00f3wienia;<\/p>\n\n\n\n<p>10.&nbsp;<strong>Oprogramowanie<\/strong>&nbsp;\u2013 program komputerowy, kt\u00f3rego producentem jest Sprzedawca, kt\u00f3remu przys\u0142uguj\u0105 maj\u0105tkowe prawa autorskie do Oprogramowania, na kt\u00f3re Klient wykupuje Licencj\u0119.<\/p>\n\n\n\n<p>11.&nbsp;<strong>Produkt<\/strong>&nbsp;\u2013 oznacza Oprogramowanie lub Us\u0142ug\u0119 prezentowan\u0105 na stronie Sklepu internetowego, na kt\u00f3re Klient mo\u017ce z\u0142o\u017cy\u0107 Zam\u00f3wienie;<\/p>\n\n\n\n<p>12.&nbsp;<strong>Strona Internetowa<\/strong>&nbsp;\u2013 strona internetowa, pod kt\u00f3r\u0105 prowadzony jest Sklep internetowy udost\u0119pniona w domenie cad2cad.eu;<\/p>\n\n\n\n<p>13.&nbsp;<strong>Umowa sprzeda\u017cy<\/strong>&nbsp;\u2013 oznacza umow\u0119 sprzeda\u017cy zawart\u0105 przez Sprzedawc\u0119 z Klientem Sklepu, w trybie okre\u015blonym w niniejszym Regulaminie;<\/p>\n\n\n\n<p>14.&nbsp;<strong>Upgrade Oprogramowania<\/strong>&nbsp;\u2013 oznacza znacz\u0105c\u0105 zmian\u0119 w Oprogramowaniu, Oprogramowaniu Wewn\u0119trznym i Dokumentacji, kt\u00f3ra dodaje funkcjonalno\u015b\u0107 i\/lub nowe cechy i\/lub ulepszenia do istniej\u0105cego Oprogramowania; Upgrade Oprogramowania dostarczany jest zazwyczaj w formie nowej wersji Oprogramowania. Nowa wersja Oprogramowania jest zazwyczaj oznaczana poprzez zmian\u0119 numeru wersji.<\/p>\n\n\n\n<p>15.&nbsp;<strong>Us\u0142uga<\/strong>&nbsp;\u2013 oznacza us\u0142ug\u0119 umowy serwisowej do zakupionego przez Klienta Oprogramowania w zakresie opisanym w niniejszym regulaminie lub us\u0142ug\u0119 zdalnej instalacji (Instalacja remote).<\/p>\n\n\n\n<p>16.&nbsp;<strong>Zam\u00f3wienie<\/strong>&nbsp;\u2013 oznacza z\u0142o\u017cenie Sprzedawcy przez Klienta oferty zakupu konkretnych Produkt\u00f3w prezentowanych na stronie Sklepu internetowego, zgodnie z postanowieniami niniejszego Regulaminu.<\/p>\n\n\n\n<p><strong>\u00a7 3 Zam\u00f3wienie<\/strong><\/p>\n\n\n\n<p>1. Klient mo\u017ce sk\u0142ada\u0107 zam\u00f3wienie poprzez&nbsp;<strong>&#8222;koszyk&#8221;&nbsp;<\/strong>znajduj\u0105cy si\u0119 na stronach Sklepu;<\/p>\n\n\n\n<p>2. Klient po skompletowaniu Zam\u00f3wienia i okre\u015bleniu danych adresowych, formy p\u0142atno\u015bci oraz formy dostawy wysy\u0142a Zam\u00f3wienie do Sklepu.<\/p>\n\n\n\n<p>3. Sklep potwierdza automatycznie (mailem) przyj\u0119cie zam\u00f3wienia w dniu jego otrzymania.<\/p>\n\n\n\n<p>4. Potwierdzenie jest wysy\u0142ane automatycznie na adres e-mail Klienta podany przy sk\u0142adaniu Zam\u00f3wienia, oraz wystawiana jest faktura pro-forma.<\/p>\n\n\n\n<p>5. Zam\u00f3wienie z\u0142o\u017cone przez Klienta stanowi ofert\u0119 w rozumieniu przepis\u00f3w prawa cywilnego. Wys\u0142anie przez Sprzedawc\u0119 do Klienta wiadomo\u015bci mailowej z potwierdzeniem zakresu realizowanego Zam\u00f3wienia stanowi przyj\u0119cie oferty.<\/p>\n\n\n\n<p>6. Miejscem zawarcia Umowy sprzeda\u017cy jest siedziba Sprzedawcy.<\/p>\n\n\n\n<p style=\"text-align:center\"><strong>\u00a7 4 P\u0142atno\u015bci<\/strong><\/p>\n\n\n\n<p>1. Dla Klient\u00f3w maj\u0105cych siedzib\u0119 w Polsce lub Klient\u00f3w zagranicznych, maj\u0105cych sta\u0142e miejsce prowadzenia dzia\u0142alno\u015bci w Polsce, cena wyra\u017cona jest w PLN.<\/p>\n\n\n\n<p>2. W przypadku Klient\u00f3w spoza Polski, cena wyra\u017cona jest w EUR.<\/p>\n\n\n\n<p>3. Wszystkie podane ceny s\u0105 cenami netto bez podatku VAT.<\/p>\n\n\n\n<p>4. Dla Klient\u00f3w maj\u0105cych siedzib\u0119 w Polsce lub Klient\u00f3w zagranicznych, maj\u0105cych w Polsce sta\u0142e miejsce prowadzenia dzia\u0142alno\u015bci, cena na fakturze zostanie powi\u0119kszona o podatek od towar\u00f3w i us\u0142ug wed\u0142ug stawki wynikaj\u0105cej z obowi\u0105zuj\u0105cych przepis\u00f3w.<\/p>\n\n\n\n<p>5. W przypadku Klient\u00f3w spoza Polski, w zakresie towar\u00f3w i us\u0142ug innych ni\u017c przeznaczonych dla sta\u0142ego miejsca prowadzenia dzia\u0142alno\u015bci w Polsce, Sprzedawca wystawi faktur\u0119 zgodnie z art. 106 ust. 2 Ustawy VAT, bez stawki oraz kwoty podatku, natomiast z adnotacj\u0105, \u017ce podatek zostanie rozliczony przez nabywc\u0119. W przypadku opisanym w zdaniu poprzednim obowi\u0105zek rozliczenia podatku spoczywa na Kliencie.<\/p>\n\n\n\n<p>6. Odno\u015bnie Produkt\u00f3w zakupionych przez Klient\u00f3w z kraj\u00f3w Unii Europejskiej innych ni\u017c Polska, dla kt\u00f3rych miejscem opodatkowania jest kraj Unii Europejskiej inny ni\u017c Polska, Sprzedawca zgodnie z obowi\u0105zuj\u0105cymi przepisami b\u0119dzie sporz\u0105dza\u0107 i sk\u0142ada\u0107 do w\u0142a\u015bciwych organ\u00f3w podatkowych kwartalne informacje podsumowuj\u0105ce.<\/p>\n\n\n\n<p>7. Cena podana przy ka\u017cdym towarze jest wi\u0105\u017c\u0105ca od chwili z\u0142o\u017cenia przez Klienta Zam\u00f3wienia. Cena wi\u0105\u017ce zar\u00f3wno Klienta jak i Sprzedawc\u0119.<\/p>\n\n\n\n<p>8. Do ka\u017cdego Zam\u00f3wienia wystawiana jest faktura VAT.<\/p>\n\n\n\n<p>9. Klient upowa\u017cnia Sprzedawc\u0119 do wystawienia faktury VAT bez podpisu odbiorcy.<\/p>\n\n\n\n<p>10. Klient dokonuje p\u0142atno\u015bci za zam\u00f3wione towary poprzez przelew bankowy na konto bankowe Sprzedawcy lub poprzez system p\u0142atno\u015bci elektronicznych PayPal.<\/p>\n\n\n\n<p style=\"text-align:center\"><strong>\u00a7 5 Dostawa<\/strong><\/p>\n\n\n\n<p>1. Zam\u00f3wione No\u015bniki z Oprogramowaniem s\u0105 dostarczane do Klienta za po\u015brednictwem Dostawcy, je\u017celi podczas sk\u0142adania Zam\u00f3wienia Klient wybra\u0142 inn\u0105 form\u0119 dostawy ni\u017c Dostawa On-line.<\/p>\n\n\n\n<p>2. Sprzedawca rozpocznie realizacj\u0119 Dostawy dopiero po zaksi\u0119gowaniu p\u0142atno\u015bci od Klienta.<\/p>\n\n\n\n<p>3. Zam\u00f3wiony No\u015bnik z Oprogramowaniem dostarczany jest pod adres wskazany w formularzu zam\u00f3wienia, jako adres dostawy.<\/p>\n\n\n\n<p>4. Koszt Dostawy ka\u017cdorazowo podawany jest podczas sk\u0142adania Zam\u00f3wienia przez Klienta.<\/p>\n\n\n\n<p>5. Termin dostawy zam\u00f3wionego No\u015bnika z Oprogramowaniem wynosi do 14 dni roboczych od momentu otrzymania p\u0142atno\u015bci przez Sprzedawc\u0119.<\/p>\n\n\n\n<p>6. W przypadku Dostawy On-line Klient otrzymuje adres strony internetowej, z kt\u00f3rej mo\u017ce pobra\u0107 Oprogramowanie.<\/p>\n\n\n\n<p>7. Klient po dokonaniu p\u0142atno\u015bci za Zam\u00f3wion\u0105 Konfiguracj\u0119 Oprogramowania, po zainstalowaniu Oprogramowania oraz wys\u0142aniu \u017c\u0105dania (request unlock ID\u2019s) otrzyma poprzez e-mail Klucz Licencyjny.<\/p>\n\n\n\n<p style=\"text-align:center\"><strong>\u00a7 6 Us\u0142ugi<\/strong><\/p>\n\n\n\n<p>1. Do ka\u017cdego zakupionego Oprogramowania Klient mo\u017ce zam\u00f3wi\u0107 opcjonalnie Us\u0142ugi takie jak:<\/p>\n\n\n\n<p>a. Us\u0142uga umowy serwisowej;<\/p>\n\n\n\n<p>b. Us\u0142uga zdalnej instalacji.<\/p>\n\n\n\n<p>2. Us\u0142ugi s\u0105 realizowane po otrzymaniu p\u0142atno\u015bci przez Sprzedawc\u0119.<\/p>\n\n\n\n<p>3. Us\u0142uga umowy serwisowej, obowi\u0105zuje na okres 12 miesi\u0119cy od daty otrzymania p\u0142atno\u015bci przez Sprzedawc\u0119.<\/p>\n\n\n\n<p>4. Us\u0142ugi umowy serwisowej s\u0105 w dw\u00f3ch r\u00f3\u017cnych pakietach: Standard oraz Premium.<\/p>\n\n\n\n<p>5. W zakresie pakietu Standard, Klient otrzymuje:<\/p>\n\n\n\n<p>a. mo\u017cliwo\u015b\u0107 zg\u0142aszania problem\u00f3w drog\u0105 elektroniczn\u0105 poprzez e-mail;<\/p>\n\n\n\n<p>b. opracowanie zg\u0142oszonego problemu z Oprogramowaniem w czasie nie d\u0142u\u017cszym ni\u017c 5 dni roboczych od momentu zg\u0142oszenia przez Klienta problemu bez gwarancji usuni\u0119cia problemu;<\/p>\n\n\n\n<p>c. Aktualizacje Oprogramowania.<\/p>\n\n\n\n<p>6. W zakresie pakietu Premium Klient otrzymuje:<\/p>\n\n\n\n<p>a. mo\u017cliwo\u015b\u0107 zg\u0142aszania problem\u00f3w drog\u0105 elektroniczn\u0105 poprzez e-mail lub telefonicznie lub poprzez TeamViewer;<\/p>\n\n\n\n<p>b. opracowanie zg\u0142oszonego problemu z Oprogramowaniem w czasie nie d\u0142u\u017cszym ni\u017c 3 dni robocze oraz jego usuni\u0119cie;<\/p>\n\n\n\n<p>c. porady oraz wskaz\u00f3wki dotycz\u0105ce pracy z Oprogramowaniem;<\/p>\n\n\n\n<p>d. Aktualizacje Oprogramowania;<\/p>\n\n\n\n<p>e. Upgrade Oprogramowania.<\/p>\n\n\n\n<p>7. Us\u0142uga zdalnej instalacji jest us\u0142ug\u0105 opcjonaln\u0105 i w jej zakresie Klient otrzymuje wykonanie przez pracownika Sprzedawcy instalacji Oprogramowania na wskazanym przez Klienta komputerze. W celu realizacji us\u0142ugi Sprzedawca musi mie\u0107 mo\u017cliwo\u015b\u0107 po\u0142\u0105czenia si\u0119 poprzez Zdalny Pulpit (Remote Desktop) ze wskazanym przez Klienta urz\u0105dzeniem poprzez sie\u0107 Internet.<\/p>\n\n\n\n<p style=\"text-align:center\"><strong>\u00a7 7 Prawa i obowi\u0105zki sprzedawcy<\/strong><\/p>\n\n\n\n<p>1. Sklep ponosi odpowiedzialno\u015b\u0107 z tytu\u0142u niewykonania lub nienale\u017cytego wykonania Umowy sprzeda\u017cy w granicach rzeczywi\u015bcie poniesionych strat przez Klienta z wy\u0142\u0105czeniem utraconych korzy\u015bci, kt\u00f3ra jest ograniczona do jednego przypadku wyrz\u0105dzenia szkody do wysoko\u015bci 10% warto\u015bci umowy.<\/p>\n\n\n\n<p>2. Sklep nie ponosi w szczeg\u00f3lno\u015bci odpowiedzialno\u015bci za:<\/p>\n\n\n\n<p><strong>a)&nbsp;<\/strong><strong>jakiekolwiek szkody wyrz\u0105dzone osobom trzecim powsta\u0142e w wyniku korzystania przez Klienta ze Sklepu w spos\u00f3b sprzeczny z przepisami prawa;<\/strong><\/p>\n\n\n\n<p><strong>b)&nbsp;<\/strong><strong>jakiekolwiek szkody wyrz\u0105dzone osobom trzecim powsta\u0142e w wyniku korzystania przez Klienta z zakupionego Oprogramowania w spos\u00f3b sprzeczny z przepisami prawa;<\/strong><\/p>\n\n\n\n<p><strong>c)&nbsp;<\/strong><strong>szkody b\u0119d\u0105ce wynikiem podania przez Klienta nieprawdziwych lub niepe\u0142nych danych s\u0142u\u017c\u0105cych do realizacji Umowy sprzeda\u017cy.<\/strong><\/p>\n\n\n\n<p><strong>\u00a7 8 Polityka prywatno\u015bci, dane osobowe<\/strong><\/p>\n\n\n\n<p>1. W celu realizacji Zam\u00f3wienia wszelkie dane ujawnione przy sk\u0142adaniu Zam\u00f3wienia dostarczone przez Klienta b\u0119d\u0105 zachowywane i przetwarzane przez Sprzedawc\u0119.<\/p>\n\n\n\n<p>2. Ujawnione dane nie b\u0119d\u0105 przekazywane osobom trzecim, wy\u0142\u0105czaj\u0105c przekazanie danych Klienta do Dostawcy w celu realizacji Umowy.<\/p>\n\n\n\n<p>3. Sklep o\u015bwiadcza, \u017ce zobowi\u0105zuje si\u0119 chroni\u0107 wszelkie informacje ujawnione przez Klient\u00f3w zgodnie z zasadami ochrony bezpiecze\u0144stwa i zachowania poufno\u015bci wynikaj\u0105cych z obowi\u0105zuj\u0105cych przepis\u00f3w prawa.<\/p>\n\n\n\n<p>4. Sklep u\u017cywa niewielkich plik\u00f3w, zwanych cookies. Zapisywane s\u0105 one przez serwer Sklepu, na komputerze osoby odwiedzaj\u0105cej Sklep. Plik cookie zwykle zawiera nazw\u0119 domeny, z kt\u00f3rej pochodzi, sw\u00f3j \u201eczas wyga\u015bni\u0119cia&#8221; oraz indywidualn\u0105, losowo wybran\u0105 liczb\u0119 identyfikuj\u0105c\u0105 ten plik. Informacje zbierane za pomoc\u0105 plik\u00f3w tego typu pomagaj\u0105 dostosowywa\u0107 oferowane przez Sklep Produkt\u00f3w do indywidualnych preferencji i rzeczywistych potrzeb os\u00f3b odwiedzaj\u0105cych Sklep. Daj\u0105 te\u017c mo\u017cliwo\u015b\u0107 opracowywania og\u00f3lnych statystyk odwiedzin. Mechanizm cookies jest ca\u0142kowicie bezpieczny dla komputer\u00f3w Klient\u00f3w, w szczeg\u00f3lno\u015bci t\u0105 drog\u0105 nie mog\u0105 przedosta\u0107 si\u0119 do komputer\u00f3w wirusy.<\/p>\n\n\n\n<p style=\"text-align:center\"><strong>\u00a7 9 Prawa autorskie<\/strong><\/p>\n\n\n\n<p>1. Wy\u0142\u0105czne prawa autorskie przys\u0142uguj\u0105 Sprzedawcy do wszelkich materia\u0142\u00f3w, wzorc\u00f3w, formularzy i innych tre\u015bci zawartych na stronie Sklepu.<\/p>\n\n\n\n<p>2. Wykorzystywanie materia\u0142\u00f3w zamieszczonych na Stronie Internetowej jest dopuszczalne tylko dla cel\u00f3w wsp\u00f3\u0142pracy ze Sprzedawc\u0105. Kopiowanie, przekazywanie oraz udost\u0119pnianie odp\u0142atnie lub nieodp\u0142atnie osobom trzecim tre\u015bci znajduj\u0105cych si\u0119 na stronach Sklepu jest zabronione.<\/p>\n\n\n\n<p>3. W odniesieniu do danych oraz wszelkich innych materia\u0142\u00f3w udost\u0119pnionych Klientowi w Sklepie, podlegaj\u0105 one ochronie prawa autorskiego.<\/p>\n\n\n\n<p style=\"text-align:center\"><strong>\u00a7 10 Postanowienia ko\u0144cowe<\/strong><\/p>\n\n\n\n<p>1. Klient zobowi\u0105zany jest do korzystania ze Sklepu zgodnie z przepisami prawa, postanowieniami niniejszego Regulaminu oraz dobrymi obyczajami.<\/p>\n\n\n\n<p>2. Sklep ma prawo do zmiany Regulaminu.<\/p>\n\n\n\n<p>3. Nowy Regulamin wchodzi w \u017cycie z dniem jego publikacji na Stronie Internetowej.<\/p>\n\n\n\n<p>4. Wszystkie Zam\u00f3wienia przyj\u0119te przez Sklep do realizacji przed og\u0142oszeniem nowego Regulaminu s\u0105 realizowane na podstawie Regulaminu, kt\u00f3ry obowi\u0105zywa\u0142 w momencie sk\u0142adania Zam\u00f3wienia przez Klienta.<\/p>\n\n\n\n<p>5. W sprawach nieuregulowanych w Regulaminie zastosowanie maj\u0105 przepisy kodeksu cywilnego.<\/p>\n\n\n\n<p>6. Ewentualne spory, kt\u00f3re mog\u0105 wynikn\u0105\u0107 z niniejszego Regulaminu strony b\u0119d\u0105 stara\u0142y si\u0119 rozstrzygn\u0105\u0107 polubownie, a je\u017celi polubowne rozstrzygni\u0119cie sprawy oka\u017ce si\u0119 niemo\u017cliwe, spory rozstrzygane b\u0119d\u0105 przez s\u0105dy powszechne miejscowo w\u0142a\u015bciwe ze wzgl\u0119du na siedzib\u0119 Sprzedawcy.<\/p>\n\n\n\n<p>7. Niniejszy Regulamin stanowi integraln\u0105 cz\u0119\u015b\u0107 zawieranych przez Sprzedawc\u0119 z Klientami Um\u00f3w sprzeda\u017cy.<\/p>\n\n\n\n<p>8. Niniejszy Regulamin wchodzi w \u017cycie z dniem 13 grudnia 2011 roku.<\/p>\n","protected":false},"excerpt":{"rendered":"<p>\u00a7 1 Postanowienia og\u00f3lne 1. W\u0142a\u015bcicielem sklepu internetowego www.shop.cad2cad.eu (zwanego dalej: \u201eSklepem\u201d) jest Cadwork Poland sp. z o.o., 30-011 Krak\u00f3w, ul. Wroc\u0142awska 43A\/4, NIP 945-106-61-70, wpisana do Rejestru Przedsi\u0119biorc\u00f3w prowadzonego przez S\u0105d Rejonowy dla Krakowa -\u015ar\u00f3dmie\u015bcie w Krakowie, XI Wydzia\u0142 Gospodarczy KRS pod nr 0000185675, zwany dalej&nbsp;Sprzedawc\u0105. 2. Niniejszy Regulamin okre\u015bla zasady i warunki korzystania &hellip; <a href=\"https:\/\/shop.cad2cad.com\/pl\/regulations\/\">Continued<\/a><\/p>\n","protected":false},"author":1,"featured_media":0,"parent":0,"menu_order":0,"comment_status":"closed","ping_status":"closed","template":"","meta":{"_acf_changed":false,"footnotes":""},"acf":[],"_links":{"self":[{"href":"https:\/\/shop.cad2cad.com\/pl\/wp-json\/wp\/v2\/pages\/15"}],"collection":[{"href":"https:\/\/shop.cad2cad.com\/pl\/wp-json\/wp\/v2\/pages"}],"about":[{"href":"https:\/\/shop.cad2cad.com\/pl\/wp-json\/wp\/v2\/types\/page"}],"author":[{"embeddable":true,"href":"https:\/\/shop.cad2cad.com\/pl\/wp-json\/wp\/v2\/users\/1"}],"replies":[{"embeddable":true,"href":"https:\/\/shop.cad2cad.com\/pl\/wp-json\/wp\/v2\/comments?post=15"}],"version-history":[{"count":9,"href":"https:\/\/shop.cad2cad.com\/pl\/wp-json\/wp\/v2\/pages\/15\/revisions"}],"predecessor-version":[{"id":234,"href":"https:\/\/shop.cad2cad.com\/pl\/wp-json\/wp\/v2\/pages\/15\/revisions\/234"}],"wp:attachment":[{"href":"https:\/\/shop.cad2cad.com\/pl\/wp-json\/wp\/v2\/media?parent=15"}],"curies":[{"name":"wp","href":"https:\/\/api.w.org\/{rel}","templated":true}]}}