{"id":89,"date":"2019-09-25T14:41:49","date_gmt":"2019-09-25T12:41:49","guid":{"rendered":"http:\/\/shop.cad2cad.com\/de\/?post_type=product&#038;p=89"},"modified":"2022-01-18T12:39:56","modified_gmt":"2022-01-18T11:39:56","slug":"cad-visualisierung-und-konvertierungs-komponenten","status":"publish","type":"product","link":"https:\/\/shop.cad2cad.com\/de\/product\/cad-visualisierung-und-konvertierungs-komponenten\/","title":{"rendered":"CAD Visualisierung und Konvertierungs Komponenten"},"content":{"rendered":"","protected":false},"excerpt":{"rendered":"<p>F\u00fcr Softwareentwickler (DLL, ActiveX) bieten wir eine Reihe von Komponenten an,. Diese welche Komponenten k\u00f6nnen in eigene Applikationen integriert werden k\u00f6nnen und z.B. zur Konvertierung oder Visualisierung von Daten dienen. Auf diese Weise haben Sie die M\u00f6glichkeit, eigene Programme schnell und effektiv um weitere Funktionen zu erweitern. Die Komponenten finden in .NET-, VB- und C#-Umgebungen Anwendung.<span class=\"Apple-converted-space\">\u00a0<\/span><\/p>\n<p>Im Angebot finden Sie folgende Komponenten:<span class=\"Apple-converted-space\">\u00a0<\/span><\/p>\n<ul>\n<li>TwinView DLL &#8211; Visualisierung und Druck von DWG und PDF Dateien<\/li>\n<li>PDF-Iterator &#8211; Bibliothek zum Lesen von PDF-Dateien.<\/li>\n<li>DWG-Iterator Bibliothek zum Lesen und Analyse von DWG-Dateien.<\/li>\n<li>TrueDTP DLL &#8211; Bibliothek zur Konvertierung von CAD und DTP Formaten<\/li>\n<\/ul>\n[contact-form-7 id=\"56\" title=\"Contact\"]\n","protected":false},"featured_media":90,"template":"","meta":{"_acf_changed":false},"product_cat":[26],"product_tag":[],"acf":[],"_links":{"self":[{"href":"https:\/\/shop.cad2cad.com\/de\/wp-json\/wp\/v2\/product\/89"}],"collection":[{"href":"https:\/\/shop.cad2cad.com\/de\/wp-json\/wp\/v2\/product"}],"about":[{"href":"https:\/\/shop.cad2cad.com\/de\/wp-json\/wp\/v2\/types\/product"}],"wp:featuredmedia":[{"embeddable":true,"href":"https:\/\/shop.cad2cad.com\/de\/wp-json\/wp\/v2\/media\/90"}],"wp:attachment":[{"href":"https:\/\/shop.cad2cad.com\/de\/wp-json\/wp\/v2\/media?parent=89"}],"wp:term":[{"taxonomy":"product_cat","embeddable":true,"href":"https:\/\/shop.cad2cad.com\/de\/wp-json\/wp\/v2\/product_cat?post=89"},{"taxonomy":"product_tag","embeddable":true,"href":"https:\/\/shop.cad2cad.com\/de\/wp-json\/wp\/v2\/product_tag?post=89"}],"curies":[{"name":"wp","href":"https:\/\/api.w.org\/{rel}","templated":true}]}}