{"id":83,"date":"2019-09-26T14:25:48","date_gmt":"2019-09-26T12:25:48","guid":{"rendered":"http:\/\/shop.cad2cad.com\/de\/?post_type=product&#038;p=83"},"modified":"2022-01-14T18:37:12","modified_gmt":"2022-01-14T17:37:12","slug":"muldrato","status":"publish","type":"product","link":"https:\/\/shop.cad2cad.com\/de\/product\/muldrato\/","title":{"rendered":"Muldrato"},"content":{"rendered":"","protected":false},"excerpt":{"rendered":"<p>Muldrato = ein zuverl\u00e4ssiges Programm f\u00fcr die \u00dcbersetzung technischer Zeichnungen\u00a0(DXF \/ DWG), schnell, pr\u00e4zis und einzigartig.<span class=\"Apple-converted-space\">\u00a0<\/span><\/p>\n<p class=\"p1\"><span class=\"s1\">Die Muldrato-Software wird nur als Lizenz-Miete angeboten.<\/span><\/p>\n[contact-form-7 id=\"56\" title=\"Contact\"]\n","protected":false},"featured_media":84,"template":"","meta":{"_acf_changed":false},"product_cat":[28],"product_tag":[],"acf":[],"_links":{"self":[{"href":"https:\/\/shop.cad2cad.com\/de\/wp-json\/wp\/v2\/product\/83"}],"collection":[{"href":"https:\/\/shop.cad2cad.com\/de\/wp-json\/wp\/v2\/product"}],"about":[{"href":"https:\/\/shop.cad2cad.com\/de\/wp-json\/wp\/v2\/types\/product"}],"wp:featuredmedia":[{"embeddable":true,"href":"https:\/\/shop.cad2cad.com\/de\/wp-json\/wp\/v2\/media\/84"}],"wp:attachment":[{"href":"https:\/\/shop.cad2cad.com\/de\/wp-json\/wp\/v2\/media?parent=83"}],"wp:term":[{"taxonomy":"product_cat","embeddable":true,"href":"https:\/\/shop.cad2cad.com\/de\/wp-json\/wp\/v2\/product_cat?post=83"},{"taxonomy":"product_tag","embeddable":true,"href":"https:\/\/shop.cad2cad.com\/de\/wp-json\/wp\/v2\/product_tag?post=83"}],"curies":[{"name":"wp","href":"https:\/\/api.w.org\/{rel}","templated":true}]}}