{"id":3,"date":"2019-09-21T14:48:52","date_gmt":"2019-09-21T12:48:52","guid":{"rendered":"http:\/\/shop.cad2cad.com\/de\/?page_id=3"},"modified":"2023-01-12T20:24:07","modified_gmt":"2023-01-12T19:24:07","slug":"datenschutz-bestimmungen","status":"publish","type":"page","link":"https:\/\/shop.cad2cad.com\/de\/datenschutz-bestimmungen\/","title":{"rendered":"Datenschutz-Bestimmungen"},"content":{"rendered":"\n<p>Datenschutzerkl\u00e4rung und Cookie-Richtlinie f\u00fcr die Website<\/p>\n\n\n\n<h2 class=\"wp-block-heading\">I. Allgemeines<\/h2>\n\n\n\n<ol type=\"1\"><li>Die Datenschutz- und Cookie-Politik betrifft die Verarbeitung personenbezogener Daten durch \u2013CADWORK Poland sp. z o.o. sowie Verwendung von Cookies.<\/li><li>\u00dcber die Website werden Informationen \u00fcber Kunden und deren Verhalten auf folgende Weise gewonnen:<ol><li>Durch freiwillige Angaben in den Formularen.<\/li><\/ol><ol><li>Durch Speichern von Cookie-Dateien (sog. \u201eCookies\u201c) auf Endger\u00e4ten.<\/li><\/ol><ol><li>Durch Sammlung von Webserver-Protokollen durch den Betreiber der Website (notwendig f\u00fcr das korrekte Funktionieren der Website).<\/li><\/ol><\/li><\/ol>\n\n\n\n<h2 class=\"wp-block-heading\">II. Angaben in den Formularen<\/h2>\n\n\n\n<ol type=\"1\"><li>CADWORK Poland sp. z o.o. sammelt Informationen, die der Kunde freiwillig zur Verf\u00fcgung stellt.<\/li><li>CADWORK Poland sp. z o.o. kann automatisch Informationen \u00fcber die Verbindungsparameter (Zeitstempel, IP-Adresse) speichern.<\/li><li>Die im Formular enthaltenen Daten werden nur mit Zustimmung des Kunden an Dritte weitergegeben, es sei denn, es wird im Folgenden anders bestimmt (wie gesetzlich vorgeschrieben).<\/li><li>Die im Formular angegebenen Daten werden zu dem Zweck verarbeitet, der sich aus der Funktion des jeweiligen Formulars ergibt, z. B. um eine Anfrage zu beantworten.<\/li><\/ol>\n\n\n\n<h2 class=\"wp-block-heading\">III. Informationen \u00fcber Cookies<\/h2>\n\n\n\n<ol type=\"1\"><li>Die Website verwendet Cookies.<\/li><li>Cookie-Dateien (sog. \u201eCookies\u201c) sind IT-Daten, insbesondere Textdateien, die auf dem Endger\u00e4t des Kunden gespeichert werden und f\u00fcr die Nutzung der Website bestimmt sind. Cookies enthalten in der Regel den Namen der Website, von der sie stammen, die Dauer der Speicherung auf dem Endger\u00e4t und eine eindeutige Nummer.<\/li><li>Die Person, die Cookies auf dem Endger\u00e4t des Kunden platziert und auf diese zugreift, ist der Betreiber der Website von CADWORK Poland sp. z o.o. Cookies werden f\u00fcr die folgenden Zwecke verwendet:<ol><li>Erstellung von Statistiken, die uns helfen zu verstehen, wie Besucher die Website nutzen, damit wir ihre Struktur und ihren Inhalt verbessern k\u00f6nnen;<\/li><\/ol><ol><li>Erstellung von Kundenprofil, um dem Kunden auf Werbenetzwerken, insbesondere dem Google-Netzwerk, ma\u00dfgeschneiderte Inhalte anzeigen zu k\u00f6nnen.<\/li><\/ol><\/li><li>Die Website verwendet zwei Haupttypen von Cookies: \u201eSitzungscookies\u201c (Session Cookies) und \u201eDauercookies\u201c (Persistent Cookies). \u201eSitzungscookies\u201c sind tempor\u00e4re Dateien, die auf dem Endger\u00e4t des Kunden gespeichert werden, bis sich der Kunde abmeldet, die Website verl\u00e4sst oder die Software (Webbrowser) ausschaltet. \u201eDauercookies\u201c werden auf dem Endger\u00e4t des Kunden f\u00fcr den in den Parametern der Cookies angegebenen Zeitraum gespeichert, oder bis sie vom Kunden gel\u00f6scht werden.<\/li><li>Die Web-Browsing-Software (Webbrowser) erlaubt in der Regel standardm\u00e4\u00dfig die Speicherung von Cookies auf dem Endger\u00e4t des Kunden. Die Kunden k\u00f6nnen ihre diesbez\u00fcglichen Einstellungen \u00e4ndern.<br>Ihr Webbrowser erlaubt es Ihnen, Cookies zu l\u00f6schen. Es ist auch m\u00f6glich, Cookies automatisch zu blockieren. Einzelheiten entnehmen Sie bitte der Hilfe oder Dokumentation Ihres Webbrowsers.<\/li><li>Einschr\u00e4nkungen bei der Verwendung von Cookies k\u00f6nnen einige der auf der Website verf\u00fcgbaren Funktionen beeintr\u00e4chtigen.<\/li><li>Cookies werden auf dem Endger\u00e4t des Kunden platziert und k\u00f6nnen auch von Werbetreibenden und Partnern verwendet werden, die mit den Websites zusammenarbeiten.<\/li><li>Cookies k\u00f6nnen von Werbenetzwerken, insbesondere dem Google-Netzwerk, verwendet werden, um auf die Nutzung der Website durch den Kunden angepasste Werbung anzuzeigen. Zu diesem Zweck k\u00f6nnen sie Informationen \u00fcber den Navigationspfad des Kunden oder die Verweildauer auf einer bestimmten Seite speichern.<\/li><li>Der Kunde kann die Verarbeitung von Cookies ablehnen, indem er die auf der Website angezeigte Zustimmung zur Verarbeitung von Cookies nicht akzeptiert (dies kann zu einer fehlerhaften Funktion der Website f\u00fchren). Was die vom Google-Werbenetzwerk gesammelten Informationen \u00fcber die Pr\u00e4ferenzen des Kunden anbelangt, so kann der Kunde die aus den Cookies resultierenden Informationen mithilfe eines Tools einsehen und bearbeiten: https:\/\/www.google.com\/ads\/preferences\/.<\/li><\/ol>\n\n\n\n<h2 class=\"wp-block-heading\">IV. Server-Protokolle<\/h2>\n\n\n\n<ol type=\"1\"><li>Informationen \u00fcber ein bestimmtes Kundenverhalten werden auf der Serverebene protokolliert.<br>Diese Daten werden ausschlie\u00dflich f\u00fcr die Verwaltung der Website und f\u00fcr die Gew\u00e4hrleistung eines m\u00f6glichst effizienten Betriebs der angebotenen Hosting-Dienste verwendet.<\/li><li>Die angezeigten Ressourcen sind durch URLs identifizierbar. Dar\u00fcber hinaus kann Folgendes aufgezeichnet werden:<ol><li>Eingangszeit der Bestellung oder Anfrage,<\/li><\/ol><ol><li>Sendezeit der Antwort,<\/li><\/ol><ol><li>Name der Client-Station &#8211; Identifizierung \u00fcber das HTTP-Protokoll,<\/li><\/ol><ol><li>Informationen \u00fcber Fehler, die bei der Ausf\u00fchrung der HTTP-Transaktion aufgetreten sind,<\/li><\/ol><ol><li>URL einer zuvor vom Kunden besuchten Seite (Referer-Link), falls die Website \u00fcber einen Link aufgerufen wurde,<\/li><\/ol><ol><li>Informationen \u00fcber den Browser des Kunden, insbesondere Informationen \u00fcber die IP-Adresse. Die oben genannten Daten werden nicht mit bestimmten Website-Besuchern in Verbindung gebracht \u2013 sie sind im rechtlichen Sinne anonym.<\/li><\/ol><ol><li>Die obigen Daten werden nur zum Zweck der Serververwaltung verwendet.<\/li><\/ol><\/li><\/ol>\n\n\n\n<h2 class=\"wp-block-heading\">V. Daten\u00fcbermittlung<\/h2>\n\n\n\n<ol type=\"1\"><li>Daten\u00fcbermittlung an Dritte erfolgt nur im Rahmen der gesetzlichen Bestimmungen.<\/li><li>CADWORK Poland sp. z o.o. &nbsp;kann verpflichtet sein, die auf der Website gesammelten Informationen auf rechtm\u00e4\u00dfiges Verlangen im verlangten Umfang an die zust\u00e4ndigen Beh\u00f6rden weiterzugeben.<\/li><li>In diesem Fall werden die Kunden \u00fcber den neuen f\u00fcr die Verarbeitung ihrer personenbezogenen Daten Verantwortlichen in \u00dcbereinstimmung mit den geltenden Rechtsvorschriften informiert.<\/li><li>Bei den Empf\u00e4ngern der Daten kann es sich um die IT-Dienstleister des f\u00fcr die Verarbeitung Verantwortlichen handeln.<\/li><\/ol>\n\n\n\n<h2 class=\"wp-block-heading\">VI. Sicherheit der personenbezogenen Daten<\/h2>\n\n\n\n<ol type=\"1\"><li>Die Website von CADWORK Poland sp. z o.o. sorgt f\u00fcr die Sicherheit der personenbezogenen Kundendaten und deshalb wird die Verbindung zwischen dem Kunden und dem Server verschl\u00fcsselt, wenn pers\u00f6nliche Daten erforderlich sind. Somit m\u00fcssen die Kunden nicht bef\u00fcrchten, dass die zum oder vom Server gesendeten Daten von jemandem eingesehen, \u00fcbernommen und verwendet werden.<\/li><li>Der Verwalter der personenbezogenen Daten ist CADWORK Poland sp. Z o.o. ul. Wroc\u0142awska 43A\/4, Krak\u00f3w 32-083. Kontakt zum Datenschutzbeauftragten: info@cad2cad.com<\/li><li>Die personenbezogenen Daten wurden wissentlich und freiwillig zur Verf\u00fcgung gestellt und werden nur f\u00fcr die in den Abschnitten III Ziff.&nbsp;4, IV Ziff.&nbsp;4 und V Ziff.&nbsp;4 dieses Dokuments beschriebenen Zwecke verarbeitet.<\/li><li>Ohne ausdr\u00fcckliche Zustimmung werden personenbezogene Daten nicht an andere Datenempf\u00e4nger weitergegeben, mit Ausnahme von Zulieferern unserer IT-Dienste zum Zwecke der Systempflege.<\/li><\/ol>\n\n\n\n<h2 class=\"wp-block-heading\">VII. \u00c4nderung, Berichtigung, L\u00f6schung, Verarbeitung von personenbezogenen Daten.<\/h2>\n\n\n\n<ol type=\"1\"><li>Im Einklang mit der Verordnung (EU) 2016\/679 des Europ\u00e4ischen Parlaments und des Rates vom 27. April 2016 zum Schutz nat\u00fcrlicher Personen bei der Verarbeitung personenbezogener Daten, zum freien Datenverkehr und zur Aufhebung der Richtlinie 95\/46\/EG (Datenschutz-Grundverordnung) gew\u00e4hrt CADWORK Poland sp. z o.o. &nbsp;seinen Kunden freien Zugang zu personenbezogenen Daten, deren \u00c4nderung, Vergessen, Berichtigung und L\u00f6schung.<\/li><li>Wenn Sie wissen m\u00f6chten, wie Sie Ihre pers\u00f6nlichen Daten einsehen, \u00e4ndern, berichtigen oder l\u00f6schen k\u00f6nnen, wenden Sie sich bitte an unseren Kundendienst \u2013 <a href=\"Tel.:12\">Tel.:12<\/a> 6307793 oder \u00fcber das Kontaktformular auf der Website: www.cad2cad.com<\/li><li>Bei Fragen wenden Sie sich bitte an unseren Datenschutzbeauftragten: info@cad2cad.com<\/li><li>CADWORK Poland sp. z o.o. nutzt die automatisierte Verarbeitung personenbezogener Daten, wie z.B. das Profiling, um das Angebot an die pers\u00f6nlichen Pr\u00e4ferenzen des Kunden anzupassen.<\/li><li>Der Kunde hat das Recht, eine Beschwerde bei der Aufsichtsbeh\u00f6rde einzureichen.<\/li><li>Eine Beschreibung, wie Sie Ihre Zustimmung zur Verarbeitung von Cookies zur\u00fcckziehen k\u00f6nnen, finden Sie in Abschnitt IX dieses Dokuments.<\/li><li>Einwilligungen zur Verarbeitung personenbezogener Daten haben immer eine angegebene Laufzeit; ist keine Laufzeit angegeben, bleiben sie bis zu einem etwaigen Widerruf der Einwilligung und nach einem solchen Widerruf f\u00fcr die Dauer der Verj\u00e4hrung der dem Verantwortlichen zustehenden und gegen ihn gerichteten Anspr\u00fcche in Kraft, es sei denn, die Verarbeitung erfolgt auf der Grundlage anderer Rechtsvorschriften als der erteilten Einwilligung.<\/li><\/ol>\n\n\n\n<h2 class=\"wp-block-heading\">VIII. Umgang mit Cookies \u2013 wie kann die Zustimmung in der Praxis erteilt und zur\u00fcckgezogen werden?<\/h2>\n\n\n\n<ol type=\"1\"><li>Wenn der Kunde die Verwendung von Cookies nicht w\u00fcnscht, kann er seine Browsereinstellungen \u00e4ndern. Wir weisen darauf hin, dass die Deaktivierung von Cookies, die f\u00fcr Authentifizierungsprozesse, die Sicherheit und die Beibehaltung von Kundenpr\u00e4ferenzen unerl\u00e4sslich sind, die Nutzung der Website erschweren und in extremen F\u00e4llen unm\u00f6glich machen kann<\/li><li>Um Ihre Cookie-Einstellungen zu verwalten, w\u00e4hlen Sie Ihren Browser\/Ihr System aus der folgenden Liste aus und folgen Sie den Anweisungen:<ol><li><a href=\"https:\/\/support.microsoft.com\/pl-pl\/help\/196955\">Internet Explorer<\/a><\/li><\/ol><ol><li><a href=\"https:\/\/support.google.com\/chrome\/answer\/95647?hl=pl\">Chrome<\/a><\/li><\/ol><ol><li><a href=\"https:\/\/support.mozilla.org\/pl\/kb\/W%C5%82%C4%85czanie%20i%20wy%C5%82%C4%85czanie%20obs%C5%82ugi%20ciasteczek\">Safari<\/a><\/li><\/ol><ol><li><a href=\"https:\/\/support.mozilla.org\/pl\/kb\/W%C5%82%C4%85czanie%20i%20wy%C5%82%C4%85czanie%20obs%C5%82ugi%20ciasteczek\">Firefox<\/a><\/li><\/ol><ol><li><a href=\"http:\/\/help.opera.com\/Windows\/12.10\/pl\/cookies.html\">Opera<\/a><\/li><\/ol><ol><li><a href=\"https:\/\/support.google.com\/chrome\/answer\/95647?hl=pl\">Android<\/a><\/li><\/ol><ol><li><a href=\"https:\/\/support.apple.com\/pl-pl\/HT201265\">Safari (iOS)<\/a><\/li><\/ol><ol><li><a href=\"https:\/\/support.microsoft.com\/pl-pl\/help\/11696\/windows-phone-7\">Windows Phone<\/a><\/li><\/ol><ol><li><a href=\"http:\/\/help.blackberry.com\/en\/smartphone_users\/deliverables\/32004\/Turn_off_cookies_in_the_browser_60_1072866_11.jsp\">Blackberry<\/a><\/li><\/ol><\/li><\/ol>\n","protected":false},"excerpt":{"rendered":"<p>Datenschutzerkl\u00e4rung und Cookie-Richtlinie f\u00fcr die Website I. Allgemeines Die Datenschutz- und Cookie-Politik betrifft die Verarbeitung personenbezogener Daten durch \u2013CADWORK Poland sp. z o.o. sowie Verwendung von Cookies. \u00dcber die Website werden Informationen \u00fcber Kunden und deren Verhalten auf folgende Weise gewonnen: Durch freiwillige Angaben in den Formularen. Durch Speichern von Cookie-Dateien (sog. \u201eCookies\u201c) auf Endger\u00e4ten. &hellip; <a href=\"https:\/\/shop.cad2cad.com\/de\/datenschutz-bestimmungen\/\">Continued<\/a><\/p>\n","protected":false},"author":1,"featured_media":0,"parent":0,"menu_order":0,"comment_status":"closed","ping_status":"closed","template":"","meta":{"_acf_changed":false,"footnotes":""},"acf":[],"_links":{"self":[{"href":"https:\/\/shop.cad2cad.com\/de\/wp-json\/wp\/v2\/pages\/3"}],"collection":[{"href":"https:\/\/shop.cad2cad.com\/de\/wp-json\/wp\/v2\/pages"}],"about":[{"href":"https:\/\/shop.cad2cad.com\/de\/wp-json\/wp\/v2\/types\/page"}],"author":[{"embeddable":true,"href":"https:\/\/shop.cad2cad.com\/de\/wp-json\/wp\/v2\/users\/1"}],"replies":[{"embeddable":true,"href":"https:\/\/shop.cad2cad.com\/de\/wp-json\/wp\/v2\/comments?post=3"}],"version-history":[{"count":3,"href":"https:\/\/shop.cad2cad.com\/de\/wp-json\/wp\/v2\/pages\/3\/revisions"}],"predecessor-version":[{"id":5156,"href":"https:\/\/shop.cad2cad.com\/de\/wp-json\/wp\/v2\/pages\/3\/revisions\/5156"}],"wp:attachment":[{"href":"https:\/\/shop.cad2cad.com\/de\/wp-json\/wp\/v2\/media?parent=3"}],"curies":[{"name":"wp","href":"https:\/\/api.w.org\/{rel}","templated":true}]}}