{"id":260,"date":"2019-11-29T11:09:43","date_gmt":"2019-11-29T10:09:43","guid":{"rendered":"http:\/\/shop.cad2cad.com\/de\/?page_id=260"},"modified":"2019-11-29T11:15:29","modified_gmt":"2019-11-29T10:15:29","slug":"impressum","status":"publish","type":"page","link":"https:\/\/shop.cad2cad.com\/de\/impressum\/","title":{"rendered":"Impressum"},"content":{"rendered":"\n<p><strong>Anbieter im Sinne des \u00a7 6 TDG und \u00a7 2 Fernabsatzgesetzes<\/strong><br>W.E.I.S. Engineering GmbH &amp; Co. KG<br>Am Wolfsrain 1<br>63571 Gelnhausen-Hailer<br>Deutschland<br>www.cad2cad.eu<br>e-mail:\u00a0<a href=\"mailto:weis@weis-gmbh.eu\">weis@weis-gmbh.eu<\/a><\/p>\n\n\n\n<p><strong>Gesch\u00e4ftsf\u00fchrer<\/strong><br><br>Werner Polok<br>Adam Dubiel<\/p>\n\n\n\n<p><strong>Umsatzsteuer-Identifikationsnummer gem\u00e4\u00df \u00a7 27a<\/strong><br><br>Umsatzsteuer- DE258146737<\/p>\n\n\n\n<p><strong>Erkl\u00e4rung<\/strong><br><br>Hiermit distanzieren wir uns ausdr\u00fccklich von allen Inhalten und Grafiken aller gelinkten Seiten und machen uns diese nicht zu eigen. Diese Erkl\u00e4rung gilt f\u00fcr alle auf dieser Website angebrachten Links.<\/p>\n\n\n\n<p><strong>Copyrights<\/strong><br><br>W.E.I.S. Engineering GmbH &amp; Co. KG<br>Ausgewiesene Warenzeichen und Markennamen geh\u00f6ren ihren jeweiligen Eigent\u00fcmern und werden anerkannt.<\/p>\n\n\n\n<p><strong>1. Inhalt des Onlineangebotes<\/strong><br>Der Autor \u00fcbernimmt keinerlei Gew\u00e4hr f\u00fcr die Aktualit\u00e4t, Korrektheit, Vollst\u00e4ndigkeit oder Qualit\u00e4t der bereitgestellten Informationen. Haftungsanspr\u00fcche gegen den Autor, welche sich auf Sch\u00e4den materieller oder ideeller Art beziehen, die durch die Nutzung oder Nichtnutzung der dargebotenen Informationen bzw. durch die Nutzung fehlerhafter und unvollst\u00e4ndiger Informationen verursacht wurden, sind grunds\u00e4tzlich ausgeschlossen. Alle Angebote sind freibleibend und unverbindlich. Der Autor beh\u00e4lt es sich ausdr\u00fccklich vor, Teile der Seiten oder das gesamte Angebot ohne gesonderte Ank\u00fcndigung zu ver\u00e4ndern, zu erg\u00e4nzen, zu l\u00f6schen oder die Ver\u00f6ffentlichung zeitweise oder endg\u00fcltig einzustellen<br><br><strong>2. Verweise und Links<\/strong><br>Bei direkten oder indirekten Verweisen auf fremde Webseiten (&#8222;Hyperlinks&#8220;), die au\u00dferhalb des Verantwortungsbereiches des Autors liegen, w\u00fcrde eine Haftungsverpflichtung ausschlie\u00dflich in dem Fall in Kraft treten, in dem der Autor von den Inhalten Kenntnis hat und es ihm technisch m\u00f6glich und zumutbar w\u00e4re, die Nutzung im Falle rechtswidriger Inhalte zu verhindern. Der Autor erkl\u00e4rt hiermit ausdr\u00fccklich, dass zum Zeitpunkt der Linksetzung keine illegalen Inhalte auf den zu verlinkenden Seiten erkennbar waren. Auf die aktuelle und zuk\u00fcnftige Gestaltung, die Inhalte oder die Urheberschaft der verlinkten\/verkn\u00fcpften Seiten hat der Autor keinerlei Einfluss. Deshalb distanziert er sich hiermit ausdr\u00fccklich von allen Inhalten aller verlinkten \/verkn\u00fcpften Seiten, die nach der Linksetzung ver\u00e4ndert wurden. Diese Feststellung gilt f\u00fcr alle innerhalb des eigenen Internetangebotes gesetzten Links und Verweise sowie f\u00fcr Fremdeintr\u00e4ge in vom Autor eingerichteten G\u00e4steb\u00fcchern, Diskussionsforen, Linkverzeichnissen, Mailinglisten und in allen anderen Formen von Datenbanken, auf deren Inhalt externe Schreibzugriffe m\u00f6glich sind. F\u00fcr illegale, fehlerhafte oder unvollst\u00e4ndige Inhalte und insbesondere f\u00fcr Sch\u00e4den, die aus der Nutzung oder Nichtnutzung solcherart dargebotener Informationen entstehen, haftet allein der Anbieter der Seite, auf welche verwiesen wurde, nicht derjenige, der \u00fcber Links auf die jeweilige Ver\u00f6ffentlichung lediglich verweist.<br><br><strong>3. Haftungsausschluss:<\/strong><br>Trotz sorgf\u00e4ltiger inhaltlicher Kontrolle \u00fcbernehmen wir keine Haftung f\u00fcr die Inhalte externer Links. F\u00fcr den Inhalt der verlinkten Seiten sind ausschlie\u00dflich deren Betreiber verantwortlich. Die auf den gelinkten Seiten wiedergegebenen Meinungs\u00e4u\u00dferungen und\/oder Tatsachenbehauptungen liegen in der alleinigen Verantwortung des\/der jeweiligen Autors\/Autorin und spiegeln nicht die Meinung von W.E.I.S. Engineering GmbH &amp; Co. KG wider. In keinem Fall wird f\u00fcr Sch\u00e4den, die sich aus der Verwendung der abgerufenen Informationen ergeben, eine Haftung \u00fcbernommen<br><br><strong>4. Urheber- und sonstige Rechte:<\/strong><br>Das Layout der Homepage, die verwendeten Bilder und Grafiken sowie die Sammlung der Beitr\u00e4ge sind urheberrechtlich gesch\u00fctzt. Die Wiedergabe von Handelsnamen, Warenbezeichnungen und sonstigen gesch\u00e4ftlichen Bezeichnungen, von Logos und Marken in diesem Werk berechtigt auch ohne Kennzeichnung nicht zu der Annahme, dass solche Bezeichnungen im Sinne des Markenschutzgesetzes als frei zu betrachten w\u00e4ren und daher von jedermann benutzt werden d\u00fcrfen. Der Inhalt dieser Homepage darf nicht zu kommerziellen Zwecken vervielfacht, verbreitet, ver\u00e4ndert oder zum Nachteil des Betreibers Dritten zug\u00e4nglich gemacht werden. Alle Informationen auf diesem Server erfolgen ohne Gew\u00e4hr f\u00fcr ihre Richtigkeit. Alle innerhalb des Internetangebotes genannten und ggf. durch Dritte gesch\u00fctzten Marken- und Warenzeichen unterliegen uneingeschr\u00e4nkt den Bestimmungen des jeweils g\u00fcltigen Kennzeichenrechts und den Besitzrechten der jeweiligen eingetragenen Eigent\u00fcmer. Allein aufgrund der blo\u00dfen Nennung ist nicht der Schluss zu ziehen, dass Markenzeichen nicht durch Rechte Dritter gesch\u00fctzt sind!<br>Das Copyright f\u00fcr ver\u00f6ffentlichte, vom Autor selbst erstellte Objekte bleibt allein beim Autor der Seiten. Eine Vervielf\u00e4ltigung oder Verwendung solcher Grafiken, Tondokumente, Videosequenzen und Texte in anderen elektronischen oder gedruckten Publikationen ist ohne ausdr\u00fcckliche Zustimmung des Autors nicht gestattet.<br><br><strong>5. Rechtswirksamkeit dieses Haftungsausschlusses<\/strong><br>Dieser Haftungsausschluss ist als Teil des Internetangebotes zu betrachten, von dem aus auf diese Seite verwiesen wurde. Sofern Teile oder einzelne Formulierungen dieses Textes der geltenden Rechtslage nicht, nicht mehr oder nicht vollst\u00e4ndig entsprechen sollten, bleiben die \u00fcbrigen Teile des Dokumentes in ihrem Inhalt und ihrer G\u00fcltigkeit davon unber\u00fchrt.<\/p>\n\n\n\n<p>Datenschutzerkl\u00e4rung vom Webservice www.cad2cad.com<br>1. Allgemeine Informationen.<br>Der Betreiber vom Webservice www.cad2cad.com ist<\/p>\n\n\n\n<p>CADWORK Poland Sp. z o.o.<\/p>\n\n\n\n<p>Wroclawska 43a\/4,<\/p>\n\n\n\n<p>Krakau 30-011<\/p>\n\n\n\n<p>2. Vom Webservice werden die Funktionen zur Erhebung von Informationen \u00fcber die Benutzer und ihr Verhalten auf folgende Art und Weise ausgef\u00fchrt:<\/p>\n\n\n\n<p>a. Durch Informationen, die freiwillig in den Formularen angegeben wurden.<\/p>\n\n\n\n<p>b. Durch Speichern der Cookie-Dateien (sog. \u201eCookies\u201c) in den Endeinrichtungen.<\/p>\n\n\n\n<p>2. Informationen in den Formularen.<br>1. Vom Webservice werden die freiwillig vom Benutzer angegebenen Informationen gesammelt.<\/p>\n\n\n\n<p>2. Vom Webservice k\u00f6nnen dar\u00fcber hinaus die Informationen \u00fcber die Parameter der Verbindung (Zeitbestimmung, IP-Adresse) gesammelt werden.<\/p>\n\n\n\n<p>3. Die Daten im Formular werden Dritten ausschlie\u00dflich mit dem Einverst\u00e4ndnis des Benutzers zur Verf\u00fcgung gestellt.<\/p>\n\n\n\n<p>4. Die im Formular angegebenen Daten k\u00f6nnen eine Basis potenzieller Kunden darstellen, die vom Webservice-Betreiber im durch den Generalinspekteur f\u00fcr den Datenschutz gef\u00fchrten Verzeichnis registriert ist.<\/p>\n\n\n\n<p>5. Die im Formular angegebenen Daten werden zweckm\u00e4\u00dfig mit dem Ziel, das aus der Funktion eines bestimmten Formulars folgt, beispielsweise zur Betreuung einer Webservice-Anfrage oder eines Gesch\u00e4ftskontakts, verarbeitet.<\/p>\n\n\n\n<p>6. Die in den Formularen angegebenen Daten k\u00f6nnen den Subjekten \u00fcbergeben werden, die manche technischen Dienste ausf\u00fchren \u2013 insbesondere bezieht sich dies auf die Weiterleitung von Informationen \u00fcber Inhaber einer registrierten Dom\u00e4ne an Subjekte, die die Betreiber von Webdom\u00e4nen sind (vor allem NASK (Das Wissenschaftliche und Akademische Netzwerk)), an Webservice, die Zahlungen ausf\u00fchren, und auch an andere Subjekte, mit denen der Betreiber vom Webservice in diesem Zusammenhang zusammenarbeitet.<\/p>\n\n\n\n<p>3. Information \u00fcber die Cookie-Dateien.<br>1. Der Webservice benutzt Cookie-Dateien.<\/p>\n\n\n\n<p>2. Die Cookie-Dateien (sog. \u201eCookies\u201c) stellen Computerdateien dar, insbesondere Textdateien, die auf der Endeinrichtung des Webservice-Benutzers gespeichert werden und die zur Nutzung von Webseiten des Services bestimmt sind. Die Cookies beinhalten gew\u00f6hnlich den Namen der Website, von der sie stammen, die Zeit ihrer Aufbewahrung auf der Endeinrichtung und eine einmalige Nummer.<\/p>\n\n\n\n<p>3. Das Subjekt, das die Cookie-Dateien auf der Endeinrichtung des Webservice-Benutzers platziert und das den Zugang zu ihnen erwirbt, ist der Betreiber des Services.<\/p>\n\n\n\n<p>4. Die Cookie-Dateien werden zu folgenden Zielen benutzt:<\/p>\n\n\n\n<p>a. Gestaltung der Statistiken, die beim Verstehen der Nutzungsmethode von Webseiten durch Webservice-Benutzer behilflich sind, wodurch die Verbesserung ihrer Struktur und ihres Inhalts bezweckt wird.<\/p>\n\n\n\n<p>b. Unterhaltung der Session des Webservice-Benutzers (nach dem Einloggen), dank deren der Benutzer auf jeder Unterseite des Webservices seinen Login und sein Passwort nicht eingeben muss.<\/p>\n\n\n\n<p>c. Bestimmung des Benutzerprofils, um ihm angepasste Materialien von Werbenetzen, insbesondere die von Google, anzuzeigen.<\/p>\n\n\n\n<p>5. Im Rahmen des Services werden zwei grunds\u00e4tzliche Typen der Cookie-Dateien angewendet: \u201eSessions-Cookies\u201d (session cookies) und \u201ebest\u00e4ndige Cookies\u201c (persistent cookies). Die Sessions-Cookies sind tempor\u00e4re Dateien, die in der Endeinrichtung des Benutzers bis zum Zeitpunkt des Ausloggens, des Verlassens der Website oder der Ausschaltung der Software (Webbrowser) aufbewahrt werden. Die best\u00e4ndigen Cookie-Dateien werden in der Endeinrichtung des Benutzers gem\u00e4\u00df den Zeitbestimmungen in den Parametern der Cookie-Dateien oder bis zum Zeitpunkt ihrer Entfernung durch die Benutzer aufbewahrt.<\/p>\n\n\n\n<p>6. Von der Software f\u00fcr die Durchsuchung von Websites (Webbrowser) wird gew\u00f6hnlich die Aufbewahrung der Cookie-Dateien in der Endeinrichtung des Benutzers voreingestellt zugelassen. Die Benutzer des Webservices k\u00f6nnen die \u00c4nderung der Einstellungen in dieser Hinsicht durchf\u00fchren. Der Webbrowser erm\u00f6glicht die Entfernung der Cookie-Dateien. Es ist auch eine automatische Sperrung der Cookie-Dateien m\u00f6glich. Die detaillierten Informationen finden Sie im Support oder in der Dokumentation der Webbrowser.<\/p>\n\n\n\n<p>7. Die Eingrenzungen f\u00fcr die Anwendung der Cookie-Dateien k\u00f6nnen manche Funktionen begrenzen, die auf den Webseiten des Services zug\u00e4nglich sind.<\/p>\n\n\n\n<p>8. Die Cookie-Dateien, die in der Endeinrichtung des Webservice-Benutzers platziert werden, k\u00f6nnen auch von den Werbeauftraggebern und Partnern in Anspruch genommen werden, die mit dem Webservice-Betreiber zusammenarbeiten.<\/p>\n\n\n\n<p>9. Wir empfehlen somit die Datenschutzerkl\u00e4rung dieser Firmen zu lesen, um sich mit den Regeln f\u00fcr die Nutzung der Cookie-Dateien bekannt zu machen, die in Statistiken benutzt werden: Datenschutzerkl\u00e4rung Google Analytics.<\/p>\n\n\n\n<p>10. Die Cookie-Dateien k\u00f6nnen von Werbenetzwerken, insbesondere vom Google-Netzwerk, zum Anzeigen von Werbungen benutzt werden, die an die Benutzungsweise des Service vom Benutzer angepasst sind. Zu diesem Ziel k\u00f6nnen von diesen Dateien die Informationen \u00fcber die Navigationsspur des Benutzers oder \u00fcber die Besuchszeit der gegebenen Seite aufbewahrt werden.<\/p>\n\n\n\n<p>11. Im Bereich der Informationen \u00fcber die Benutzerpr\u00e4ferenzen, die vom Werbenetzwerk Google gesammelt werden, kann der Benutzer die aus den Cookie-Dateien folgenden Informationen anhand des Werkzeugs: https:\/\/www.google.com\/ads\/preferences\/ durchsuchen und editieren.<\/p>\n\n\n\n<p>4. Server-Logins.<br>1. Informationen \u00fcber manches Verhalten des Benutzers unterliegen dem Login in der Server-Schicht. Diese Daten werden ausschlie\u00dflich zur Verwaltung des Webservices und zur Sicherung der reibungslos verlaufenden Betreuung der geleisteten Hosting-Dienste benutzt.<\/p>\n\n\n\n<p>2. Die durchgesehenen Best\u00e4nde werden durch die URL-Adresse identifiziert. Dar\u00fcber hinaus k\u00f6nnen auch folgende Informationen gespeichert werden:<\/p>\n\n\n\n<p>a. der Zeitpunkt des Eingangs einer Anfrage,<\/p>\n\n\n\n<p>b. die Versandszeit der Antwort,<\/p>\n\n\n\n<p>c. der Name der Kundenstation \u2013 Identifizierung wird durch das HTTP-Protokoll ausgef\u00fchrt,<\/p>\n\n\n\n<p>d. die Informationen \u00fcber Fehler, die bei der Ausf\u00fchrung der HTTP-Transaktion aufgetreten sind,<\/p>\n\n\n\n<p>e. die URL-Adresse der vorher durch den Benutzer besuchten Website (refer link) \u2013 falls der \u00dcbergang auf den Webserver durch Hyperlink erfolgte,<\/p>\n\n\n\n<p>f. die Informationen \u00fcber den Benutzer-Browser,<\/p>\n\n\n\n<p>g. die Informationen \u00fcber die IP-Adresse.<\/p>\n\n\n\n<p>3. Die oben genannten Daten werden mit keinen bestimmten, die Seiten durchsuchenden Personen verkn\u00fcpft.<\/p>\n\n\n\n<p>4. Die oben genannten Daten werden ausschlie\u00dflich zu Zielen der Serververwaltung benutzt.<\/p>\n\n\n\n<p>5. Zurverf\u00fcgungstellung der Daten.<br>1. Die Daten werden den externen Subjekten ausschlie\u00dflich in den gesetzlich zugelassenen Grenzen zur Verf\u00fcgung gestellt.<\/p>\n\n\n\n<p>2. Die Daten, die die Identifizierung der nat\u00fcrlichen Person erm\u00f6glichen, werden nur mit dem Einverst\u00e4ndnis dieser Person zur Verf\u00fcgung gestellt.<\/p>\n\n\n\n<p>3. Der Betreiber kann verpflichtet sein, die durch den Webservice gesammelten Dateien den befugten Beh\u00f6rden auf Grundlage der rechtm\u00e4\u00dfigen Forderungen im einen aus der Forderung folgenden Umfang zur Verf\u00fcgung zu stellen.<\/p>\n\n\n\n<p>6. Verwaltung der Cookie-Dateien \u2013 wie soll man in der Praxis sein Einverst\u00e4ndnis abgeben und zur\u00fcckziehen?<br>1. Wenn der Benutzer keine Cookie-Dateien erhalten will, kann er die Einstellungen des Browsers \u00e4ndern. Wir verwahren aber, dass das Ausschalten der Unterst\u00fctzung der Cookie-Dateien, die f\u00fcr Prozesse der Authentifizierung, Sicherheit und Aufbewahrung der Benutzer-Pr\u00e4ferenzen notwendig sind, die Nutzung der Webseiten erschweren und in \u00e4u\u00dfersten Situationen sogar unm\u00f6glich machen kann.<\/p>\n\n\n\n<p>2. F\u00fcr die Verwaltung der Cookie-Einstellungen w\u00e4hlen Sie aus der unteren Liste den Webbrowser\/das System aus und handeln Sie gem\u00e4\u00df der Anweisungen:<\/p>\n\n\n\n<p>a. Internet Explorer<\/p>\n\n\n\n<p>b. Chrome<\/p>\n\n\n\n<p>c. Safari<\/p>\n\n\n\n<p>d. Firefox<\/p>\n\n\n\n<p>e. Opera<\/p>\n\n\n\n<p>f. Android<\/p>\n\n\n\n<p>g. Safari (iOS)<\/p>\n\n\n\n<p>h. Windows Phone<\/p>\n\n\n\n<p>i. Blackberry<\/p>\n","protected":false},"excerpt":{"rendered":"<p>Anbieter im Sinne des \u00a7 6 TDG und \u00a7 2 FernabsatzgesetzesW.E.I.S. Engineering GmbH &amp; Co. KGAm Wolfsrain 163571 Gelnhausen-HailerDeutschlandwww.cad2cad.eue-mail:\u00a0weis@weis-gmbh.eu Gesch\u00e4ftsf\u00fchrer Werner PolokAdam Dubiel Umsatzsteuer-Identifikationsnummer gem\u00e4\u00df \u00a7 27a Umsatzsteuer- DE258146737 Erkl\u00e4rung Hiermit distanzieren wir uns ausdr\u00fccklich von allen Inhalten und Grafiken aller gelinkten Seiten und machen uns diese nicht zu eigen. Diese Erkl\u00e4rung gilt f\u00fcr alle &hellip; <a href=\"https:\/\/shop.cad2cad.com\/de\/impressum\/\">Continued<\/a><\/p>\n","protected":false},"author":1,"featured_media":0,"parent":0,"menu_order":0,"comment_status":"closed","ping_status":"closed","template":"","meta":{"_acf_changed":false,"footnotes":""},"acf":[],"_links":{"self":[{"href":"https:\/\/shop.cad2cad.com\/de\/wp-json\/wp\/v2\/pages\/260"}],"collection":[{"href":"https:\/\/shop.cad2cad.com\/de\/wp-json\/wp\/v2\/pages"}],"about":[{"href":"https:\/\/shop.cad2cad.com\/de\/wp-json\/wp\/v2\/types\/page"}],"author":[{"embeddable":true,"href":"https:\/\/shop.cad2cad.com\/de\/wp-json\/wp\/v2\/users\/1"}],"replies":[{"embeddable":true,"href":"https:\/\/shop.cad2cad.com\/de\/wp-json\/wp\/v2\/comments?post=260"}],"version-history":[{"count":2,"href":"https:\/\/shop.cad2cad.com\/de\/wp-json\/wp\/v2\/pages\/260\/revisions"}],"predecessor-version":[{"id":263,"href":"https:\/\/shop.cad2cad.com\/de\/wp-json\/wp\/v2\/pages\/260\/revisions\/263"}],"wp:attachment":[{"href":"https:\/\/shop.cad2cad.com\/de\/wp-json\/wp\/v2\/media?parent=260"}],"curies":[{"name":"wp","href":"https:\/\/api.w.org\/{rel}","templated":true}]}}