{"id":15,"date":"2019-09-22T16:36:17","date_gmt":"2019-09-22T14:36:17","guid":{"rendered":"http:\/\/shop.cad2cad.com\/de\/?page_id=15"},"modified":"2019-11-29T17:27:46","modified_gmt":"2019-11-29T16:27:46","slug":"agb","status":"publish","type":"page","link":"https:\/\/shop.cad2cad.com\/de\/agb\/","title":{"rendered":"AGB"},"content":{"rendered":"\n<p style=\"text-align:center\"><strong>\u00a7 1 Geltungsbereich<\/strong><\/p>\n\n\n\n<p><br>F\u00fcr die Gesch\u00e4ftsbeziehung zwischen W.E.I.S. Engineering GmbH &amp; Co. KG und dem Besteller &#8212; auch f\u00fcr alle zuk\u00fcnftigen Gesch\u00e4fte &#8212; gelten ausschlie\u00dflich die nachfolgenden Allgemeinen Gesch\u00e4ftsbedingungen in ihrer zum Zeitpunkt der Bestellung g\u00fcltigen Fassung. Abweichende Bedingungen des Bestellers erkennt W.E.I.S. Engineering GmbH &amp; Co. KG nicht an, es sei denn, W.E.I.S. Engineering GmbH &amp; Co. KG h\u00e4tte ausdr\u00fccklich schriftlich ihrer Geltung zugestimmt.<\/p>\n\n\n\n<p style=\"text-align:center\"><strong>\u00a7 2 Vertragsschluss und R\u00fccktritt<\/strong><\/p>\n\n\n\n<p><br>W.E.I.S. Engineering GmbH &amp; Co. KG verpflichtet sich, die Bestellung des Bestellers zu den Bedingungen der Website anzunehmen. Bei Schreib-, Druck- und Rechenfehlern auf der Website ist W.E.I.S. Engineering GmbH &amp; Co. KG zum R\u00fccktritt berechtigt.<\/p>\n\n\n\n<p style=\"text-align:center\"><strong>\u00a7 3 Lieferung<\/strong><\/p>\n\n\n\n<p><br>Sofern nicht anders vereinbart, erfolgt die Lieferung ab Lager an die vom Besteller angegebene Lieferadresse. Die Gefahr geht auf den Besteller \u00fcber, sobald die Lieferung von W.E.I.S. Engineering GmbH &amp; Co. KG oder einem von dieser Beauftragten an den Versender \u00fcbergeben worden ist, und zwar auch dann, wenn Teillieferungen erfolgen. Angaben \u00fcber die Lieferfrist sind unverbindlich, soweit nicht ausnahmsweise der Liefertermin verbindlich zugesagt wurde.<\/p>\n\n\n\n<p style=\"text-align:center\"><strong>\u00a7 4 F\u00e4lligkeit und Zahlung, Verzug<\/strong><\/p>\n\n\n\n<p><br>Der Kaufpreis wird sofort mit Bestellung f\u00e4llig. Der Besteller kann den Kaufpreis per Kreditkarte, Scheck oder per \u00dcberweisung zahlen. Kommt der Besteller in Zahlungsverzug, so ist W.E.I.S. Engineering GmbH &amp; Co. KG berechtigt, Verzugszinsen in H\u00f6he von 5 % \u00fcber dem von der Deutschen Bundesbank b ekannt gegebenen Basiszinssatz p.a. zu fordern.<\/p>\n\n\n\n<p style=\"text-align:center\"><strong>\u00a7 5 Eigentumsvorbehalt<\/strong><\/p>\n\n\n\n<p><br>Bis zur vollst\u00e4ndigen Begleichung aller gegen den Besteller bestehenden Anspr\u00fcche verbleibt gelieferte Ware im Eigentum von W.E.I.S. Engineering GmbH &amp; Co. KG.<\/p>\n\n\n\n<p style=\"text-align:center\"><strong>\u00a7 6 M\u00e4ngelgew\u00e4hrleistung und Haftung<\/strong><\/p>\n\n\n\n<p><br>Liegt ein von W.E.I.S. Engineering GmbH &amp; Co. KG zu vertretender Mangel der Kaufsache vor, ist W.E.I.S. Engineering GmbH &amp; Co. KG nach eigener Wahl zur M\u00e4ngelbeseitigung oder zur Ersatzlieferung berechtigt. Ist W.E.I.S. Engineering GmbH &amp; Co. KG zur M\u00e4ngelbeseitigung\/Ersatzlieferung nicht bereit oder nicht in der Lage oder verz\u00f6gert sich diese \u00fcber angemessene Fristen hinaus aus Gr\u00fcnden, die W.E.I.S. Engineering GmbH &amp; Co. KG zu vertreten hat oder schl\u00e4gt in sonstiger Weise die M\u00e4ngelbeseitigung\/Ersatzlieferung fehl, ist der Besteller nach seiner Wahl berechtigt, vom Vertrag zur\u00fcckzutreten oder eine entsprechende Minderung des Kaufpreises zu verlangen. Soweit sich nachstehend nichts anderes ergibt, sind weitergehende Anspr\u00fcche des Bestellers &#8212; gleich aus welchen Rechtsgr\u00fcnden &#8212; ausgeschlossen. W.E.I.S. Engineering GmbH &amp; Co. KG haftet deshalb nicht f\u00fcr Sch\u00e4den, die nicht am Liefergegenstand selbst entstanden sind; insbesondere haftet W.E.I.S. Engineering GmbH &amp; Co. KG nicht f\u00fcr entgangenen Gewinn oder f\u00fcr sonstige Verm\u00f6genssch\u00e4den des Bestellers. Soweit die Haftung von W.E.I.S. Engineering GmbH &amp; Co. KG ausgeschlossen oder beschr\u00e4nkt ist, gilt dies auch f\u00fcr die pers\u00f6nliche Haftung von Arbeitnehmern, Vertretern und Erf\u00fcllungsgehilfen. Vorstehende Haftungsbeschr\u00e4nkung gilt nicht, soweit die Schadensursache auf Vorsatz oder grober Fahrl\u00e4ssigkeit beruht. Sie gilt ferner dann nicht, wenn der Besteller Anspr\u00fcche aus \u00a7\u00a7 1, 4 Produkthaftungsgesetz, Anspr\u00fcche wegen des Fehlens einer zugesicherten Eigenschaft oder Schadensersatzanspr\u00fcche wegen Nichterf\u00fcllung gem\u00e4\u00df \u00a7\u00a7 463, 480 Abs. 2 BGB geltend macht. Gleiches gilt bei anf\u00e4nglichem Unverm\u00f6gen oder zu vertretender Unm\u00f6glichkeit. Sofern W.E.I.S. Engineering GmbH &amp; Co. KG fahrl\u00e4ssig eine vertragswesentliche Pflicht verletzt, ist die Ersatzpflicht f\u00fcr Sach- oder Personensch\u00e4den auf den typischerweise entstehenden Schaden beschr\u00e4nkt. Die Gew\u00e4hrleistungsfrist betr\u00e4gt zw\u00f6lf Monate, gerechnet ab Gefahren\u00fcbergang. Diese Frist ist eine Verj\u00e4hrungsfrist und gilt auch f\u00fcr Anspr\u00fcche auf Ersatz von Mangelfolgesch\u00e4den, soweit keine Anspr\u00fcche aus unerlaubter Handlung geltend gemacht werden.<\/p>\n\n\n\n<p style=\"text-align:center\"><strong>\u00a7 7 Gew\u00e4hrleistung<\/strong><\/p>\n\n\n\n<p><br>M\u00e4ngelanspr\u00fcche verj\u00e4hren in 12 Monaten nach erfolgter Ablieferung der von uns gelieferten Ware bei unserem Besteller<\/p>\n\n\n\n<p style=\"text-align:center\"><strong>\u00a7 8 Anwendbares Recht und Gerichtsstand<\/strong><\/p>\n\n\n\n<p><br>Es gilt deutsches Recht.<\/p>\n\n\n\n<p><\/p>\n","protected":false},"excerpt":{"rendered":"<p>\u00a7 1 Geltungsbereich F\u00fcr die Gesch\u00e4ftsbeziehung zwischen W.E.I.S. Engineering GmbH &amp; Co. KG und dem Besteller &#8212; auch f\u00fcr alle zuk\u00fcnftigen Gesch\u00e4fte &#8212; gelten ausschlie\u00dflich die nachfolgenden Allgemeinen Gesch\u00e4ftsbedingungen in ihrer zum Zeitpunkt der Bestellung g\u00fcltigen Fassung. Abweichende Bedingungen des Bestellers erkennt W.E.I.S. Engineering GmbH &amp; Co. KG nicht an, es sei denn, W.E.I.S. Engineering &hellip; <a href=\"https:\/\/shop.cad2cad.com\/de\/agb\/\">Continued<\/a><\/p>\n","protected":false},"author":1,"featured_media":0,"parent":0,"menu_order":0,"comment_status":"closed","ping_status":"closed","template":"","meta":{"_acf_changed":false,"footnotes":""},"acf":[],"_links":{"self":[{"href":"https:\/\/shop.cad2cad.com\/de\/wp-json\/wp\/v2\/pages\/15"}],"collection":[{"href":"https:\/\/shop.cad2cad.com\/de\/wp-json\/wp\/v2\/pages"}],"about":[{"href":"https:\/\/shop.cad2cad.com\/de\/wp-json\/wp\/v2\/types\/page"}],"author":[{"embeddable":true,"href":"https:\/\/shop.cad2cad.com\/de\/wp-json\/wp\/v2\/users\/1"}],"replies":[{"embeddable":true,"href":"https:\/\/shop.cad2cad.com\/de\/wp-json\/wp\/v2\/comments?post=15"}],"version-history":[{"count":10,"href":"https:\/\/shop.cad2cad.com\/de\/wp-json\/wp\/v2\/pages\/15\/revisions"}],"predecessor-version":[{"id":267,"href":"https:\/\/shop.cad2cad.com\/de\/wp-json\/wp\/v2\/pages\/15\/revisions\/267"}],"wp:attachment":[{"href":"https:\/\/shop.cad2cad.com\/de\/wp-json\/wp\/v2\/media?parent=15"}],"curies":[{"name":"wp","href":"https:\/\/api.w.org\/{rel}","templated":true}]}}